{"id":8098,"date":"2025-01-24T07:50:33","date_gmt":"2025-01-24T07:50:33","guid":{"rendered":"http:\/\/59.124.115.49\/anpassungsservice\/"},"modified":"2026-01-19T10:59:26","modified_gmt":"2026-01-19T10:59:26","slug":"anpassungsservice","status":"publish","type":"page","link":"https:\/\/www.embedian.com\/de\/anpassungsservice\/","title":{"rendered":"Anpassungsservice"},"content":{"rendered":"\t\t<div data-elementor-type=\"wp-page\" data-elementor-id=\"8098\" class=\"elementor elementor-8098 elementor-5027\" data-elementor-post-type=\"page\">\n\t\t\t\t\t\t<section class=\"elementor-section elementor-top-section elementor-element elementor-element-84f234e elementor-section-content-middle elementor-section-boxed elementor-section-height-default elementor-section-height-default elementor-invisible\" data-id=\"84f234e\" data-element_type=\"section\" data-e-type=\"section\" data-settings=\"{&quot;animation&quot;:&quot;fadeInUp&quot;}\">\n\t\t\t\t\t\t<div class=\"elementor-container elementor-column-gap-no\">\n\t\t\t\t\t<div class=\"elementor-column elementor-col-100 elementor-top-column elementor-element elementor-element-7f3f1d5\" data-id=\"7f3f1d5\" data-element_type=\"column\" data-e-type=\"column\">\n\t\t\t<div class=\"elementor-widget-wrap elementor-element-populated\">\n\t\t\t\t\t\t<div class=\"elementor-element elementor-element-ab3a934 elementor-widget__width-initial elementor-widget elementor-widget-text-editor\" data-id=\"ab3a934\" data-element_type=\"widget\" data-e-type=\"widget\" data-widget_type=\"text-editor.default\">\n\t\t\t\t<div class=\"elementor-widget-container\">\n\t\t\t\t\t\t\t\t\t<div tabindex=\"0\" role=\"article\" data-tabster=\"{\"groupper\":{\"tabbability\":2},\"focusable\":{}}\" data-content=\"ai-message\" aria-labelledby=\"891EgrKC1nKAtYjVJxvKD-author} 891EgrKC1nKAtYjVJxvKD-content-0\"><div id=\"891EgrKC1nKAtYjVJxvKD-content-0\" class=\"space-y-3 break-words\"><p>In der heutigen globalen Wirtschaft stehen Unternehmen vor der Notwendigkeit, eine immer schnellere Markteinf\u00fchrung bei reduzierten Kosten zu erreichen. Outsourcing ist dabei zum Schl\u00fcssel geworden, um dies zu realisieren. <\/p><p>Die Anpassungsservices von Embedian bieten Kunden schl\u00fcsselfertige, durchg\u00e4ngige Produktdesign- und Fertigungsdienstleistungen. Diese Dienstleistungen umfassen Designberatung, Hardware-Design, Anpassung von BIOS und Firmware, Geh\u00e4usedesign, Fertigung, Montage und Qualit\u00e4tssicherung. <\/p><p>Das Design von Embedded-Systemen beginnt mit der Auswahl eines SOM (System-On-Module) als eingebettete Host-Makrokomponente, gefolgt von einer kundenspezifischen oder halbkundenspezifischen Carrier-Board mit den erforderlichen System-I\/O-Anschl\u00fcssen und einem Systemgeh\u00e4use, um die vollst\u00e4ndigen Anforderungen an Form, Passgenauigkeit und Funktion zu erf\u00fcllen.<\/p><p>Die technischen Ressourcen, Analyse- und Simulationstechniken von Embedian, kombiniert mit unserer langj\u00e4hrigen Erfahrung im Bereich Embedded-Computer, haben einen effizienten Designprozess entwickelt. Bei Embedian legen wir besonderen Wert auf Details in der Einf\u00fchrungsphase der Produktplanung. <\/p><\/div><\/div>\t\t\t\t\t\t\t\t<\/div>\n\t\t\t\t<\/div>\n\t\t\t\t\t<\/div>\n\t\t<\/div>\n\t\t\t\t\t<\/div>\n\t\t<\/section>\n\t\t<div class=\"elementor-element elementor-element-236cbd2 e-flex e-con-boxed e-con e-parent\" data-id=\"236cbd2\" data-element_type=\"container\" data-e-type=\"container\">\n\t\t\t\t\t<div class=\"e-con-inner\">\n\t\t\t\t<div class=\"elementor-element elementor-element-245c00e elementor-widget__width-initial elementor-widget elementor-widget-text-editor\" data-id=\"245c00e\" data-element_type=\"widget\" data-e-type=\"widget\" data-widget_type=\"text-editor.default\">\n\t\t\t\t<div class=\"elementor-widget-container\">\n\t\t\t\t\t\t\t\t\t<hr\/>\t\t\t\t\t\t\t\t<\/div>\n\t\t\t\t<\/div>\n\t\t\t\t\t<\/div>\n\t\t\t\t<\/div>\n\t\t\t\t<section class=\"elementor-section elementor-top-section elementor-element elementor-element-9155a4e elementor-section-content-middle elementor-section-boxed elementor-section-height-default elementor-section-height-default elementor-invisible\" data-id=\"9155a4e\" data-element_type=\"section\" data-e-type=\"section\" data-settings=\"{&quot;animation&quot;:&quot;fadeInUp&quot;}\">\n\t\t\t\t\t\t<div class=\"elementor-container elementor-column-gap-no\">\n\t\t\t\t\t<div class=\"elementor-column elementor-col-100 elementor-top-column elementor-element elementor-element-6268985\" data-id=\"6268985\" data-element_type=\"column\" data-e-type=\"column\">\n\t\t\t<div class=\"elementor-widget-wrap elementor-element-populated\">\n\t\t\t\t\t\t<div class=\"elementor-element elementor-element-397d3f9 elementor-widget elementor-widget-heading\" data-id=\"397d3f9\" data-element_type=\"widget\" data-e-type=\"widget\" data-widget_type=\"heading.default\">\n\t\t\t\t<div class=\"elementor-widget-container\">\n\t\t\t\t\t<h2 class=\"elementor-heading-title elementor-size-default\">Anpassungsservices<\/h2>\t\t\t\t<\/div>\n\t\t\t\t<\/div>\n\t\t\t\t<div class=\"elementor-element elementor-element-8ed0d9a elementor-widget__width-initial elementor-widget elementor-widget-text-editor\" data-id=\"8ed0d9a\" data-element_type=\"widget\" data-e-type=\"widget\" data-widget_type=\"text-editor.default\">\n\t\t\t\t<div class=\"elementor-widget-container\">\n\t\t\t\t\t\t\t\t\t<div>Im Folgenden finden Sie eine Liste der Anpassungsservices, die wir anbieten.<br><span style=\"font-size: 15.96px;\"><br><\/span><\/div><ul><li style=\"list-style-image: url('..\/images\/list.png');\">Individuelles Design und Fertigung von Carrier-Boards<\/li><li style=\"list-style-image: url('..\/images\/list.png');\">Modifikationen von Standard-Carrier-Boards <\/li><li>Design von Zubeh\u00f6r f\u00fcr Carrier-Boards<\/li><li>Kundenspezifische Tests vor dem Versand<\/li><li>Montage von Systemen und Teilsystemen<\/li><li style=\"list-style-image: url('..\/images\/list.png');\">Mechanisches Design und Geh\u00e4usedesign<\/li><li style=\"list-style-image: url('..\/images\/list.png');\">Kundenspezifische Verpackungs- und Versandanforderungen<\/li><li style=\"list-style-image: url('..\/images\/list.png');\">Beschaffung von Bauteilen<\/li><\/ul>\t\t\t\t\t\t\t\t<\/div>\n\t\t\t\t<\/div>\n\t\t\t\t\t<\/div>\n\t\t<\/div>\n\t\t\t\t\t<\/div>\n\t\t<\/section>\n\t\t<div class=\"elementor-element elementor-element-4f63f7b e-flex e-con-boxed e-con e-parent\" data-id=\"4f63f7b\" data-element_type=\"container\" data-e-type=\"container\">\n\t\t\t\t\t<div class=\"e-con-inner\">\n\t\t\t\t<div class=\"elementor-element elementor-element-ba01eb7 elementor-widget__width-initial elementor-widget elementor-widget-text-editor\" data-id=\"ba01eb7\" data-element_type=\"widget\" data-e-type=\"widget\" data-widget_type=\"text-editor.default\">\n\t\t\t\t<div class=\"elementor-widget-container\">\n\t\t\t\t\t\t\t\t\t<hr\/>\t\t\t\t\t\t\t\t<\/div>\n\t\t\t\t<\/div>\n\t\t\t\t\t<\/div>\n\t\t\t\t<\/div>\n\t\t\t\t<section class=\"elementor-section elementor-top-section elementor-element elementor-element-3e5d7dc elementor-section-content-middle elementor-section-boxed elementor-section-height-default elementor-section-height-default elementor-invisible\" data-id=\"3e5d7dc\" data-element_type=\"section\" data-e-type=\"section\" data-settings=\"{&quot;animation&quot;:&quot;fadeInUp&quot;}\">\n\t\t\t\t\t\t<div class=\"elementor-container elementor-column-gap-no\">\n\t\t\t\t\t<div class=\"elementor-column elementor-col-100 elementor-top-column elementor-element elementor-element-1398719\" data-id=\"1398719\" data-element_type=\"column\" data-e-type=\"column\">\n\t\t\t<div class=\"elementor-widget-wrap elementor-element-populated\">\n\t\t\t\t\t\t<div class=\"elementor-element elementor-element-68fcfa8 elementor-widget elementor-widget-heading\" data-id=\"68fcfa8\" data-element_type=\"widget\" data-e-type=\"widget\" data-widget_type=\"heading.default\">\n\t\t\t\t<div class=\"elementor-widget-container\">\n\t\t\t\t\t<h2 class=\"elementor-heading-title elementor-size-default\">Anforderungen an den Anpassungsservice<\/h2>\t\t\t\t<\/div>\n\t\t\t\t<\/div>\n\t\t\t\t<div class=\"elementor-element elementor-element-db9a8f4 elementor-widget__width-initial elementor-widget elementor-widget-text-editor\" data-id=\"db9a8f4\" data-element_type=\"widget\" data-e-type=\"widget\" data-widget_type=\"text-editor.default\">\n\t\t\t\t<div class=\"elementor-widget-container\">\n\t\t\t\t\t\t\t\t\t<p>Kunden m\u00fcssen eine Spezifikationsliste f\u00fcr die Anpassungsanforderungen bereitstellen. Embedian berechnet eine NRE-Geb\u00fchr (Non-Recurring Engineering) basierend auf der Komplexit\u00e4t der Anpassung und es gibt eine Mindestbestellmenge (in der Regel 500 Einheiten pro Los). Embedian lagert keine kundenspezifischen Produkte, daher ist die Lieferzeit in der Regel etwas l\u00e4nger.  <\/p>\t\t\t\t\t\t\t\t<\/div>\n\t\t\t\t<\/div>\n\t\t\t\t\t<\/div>\n\t\t<\/div>\n\t\t\t\t\t<\/div>\n\t\t<\/section>\n\t\t\t\t<\/div>\n\t\t","protected":false},"excerpt":{"rendered":"<p>In der heutigen globalen Wirtschaft stehen Unternehmen vor der Notwendigkeit, eine immer schnellere Markteinf\u00fchrung bei reduzierten Kosten zu erreichen. Outsourcing ist dabei zum Schl\u00fcssel geworden, um dies zu realisieren. Die Anpassungsservices von Embedian bieten Kunden schl\u00fcsselfertige, durchg\u00e4ngige Produktdesign-&#8230;<\/p>\n","protected":false},"author":1,"featured_media":0,"parent":0,"menu_order":0,"comment_status":"closed","ping_status":"closed","template":"","meta":{"_uag_custom_page_level_css":"","footnotes":""},"class_list":["post-8098","page","type-page","status-publish","hentry"],"spectra_custom_meta":{"_uagb_previous_block_counts":["a:90:{s:21:\"uagb\/advanced-heading\";i:0;s:15:\"uagb\/blockquote\";i:0;s:12:\"uagb\/buttons\";i:0;s:18:\"uagb\/buttons-child\";i:0;s:19:\"uagb\/call-to-action\";i:0;s:15:\"uagb\/cf7-styler\";i:0;s:11:\"uagb\/column\";i:0;s:12:\"uagb\/columns\";i:0;s:14:\"uagb\/container\";i:0;s:21:\"uagb\/content-timeline\";i:0;s:27:\"uagb\/content-timeline-child\";i:0;s:14:\"uagb\/countdown\";i:0;s:12:\"uagb\/counter\";i:0;s:8:\"uagb\/faq\";i:0;s:14:\"uagb\/faq-child\";i:0;s:10:\"uagb\/forms\";i:0;s:17:\"uagb\/forms-accept\";i:0;s:19:\"uagb\/forms-checkbox\";i:0;s:15:\"uagb\/forms-date\";i:0;s:16:\"uagb\/forms-email\";i:0;s:17:\"uagb\/forms-hidden\";i:0;s:15:\"uagb\/forms-name\";i:0;s:16:\"uagb\/forms-phone\";i:0;s:16:\"uagb\/forms-radio\";i:0;s:17:\"uagb\/forms-select\";i:0;s:19:\"uagb\/forms-textarea\";i:0;s:17:\"uagb\/forms-toggle\";i:0;s:14:\"uagb\/forms-url\";i:0;s:14:\"uagb\/gf-styler\";i:0;s:15:\"uagb\/google-map\";i:0;s:11:\"uagb\/how-to\";i:0;s:16:\"uagb\/how-to-step\";i:0;s:9:\"uagb\/icon\";i:0;s:14:\"uagb\/icon-list\";i:0;s:20:\"uagb\/icon-list-child\";i:0;s:10:\"uagb\/image\";i:0;s:18:\"uagb\/image-gallery\";i:0;s:13:\"uagb\/info-box\";i:0;s:18:\"uagb\/inline-notice\";i:0;s:11:\"uagb\/lottie\";i:0;s:21:\"uagb\/marketing-button\";i:0;s:10:\"uagb\/modal\";i:0;s:18:\"uagb\/popup-builder\";i:0;s:16:\"uagb\/post-button\";i:0;s:18:\"uagb\/post-carousel\";i:0;s:17:\"uagb\/post-excerpt\";i:0;s:14:\"uagb\/post-grid\";i:0;s:15:\"uagb\/post-image\";i:0;s:17:\"uagb\/post-masonry\";i:0;s:14:\"uagb\/post-meta\";i:0;s:18:\"uagb\/post-taxonomy\";i:0;s:18:\"uagb\/post-timeline\";i:0;s:15:\"uagb\/post-title\";i:0;s:20:\"uagb\/restaurant-menu\";i:0;s:26:\"uagb\/restaurant-menu-child\";i:0;s:11:\"uagb\/review\";i:0;s:12:\"uagb\/section\";i:0;s:14:\"uagb\/separator\";i:0;s:11:\"uagb\/slider\";i:0;s:17:\"uagb\/slider-child\";i:0;s:17:\"uagb\/social-share\";i:0;s:23:\"uagb\/social-share-child\";i:0;s:16:\"uagb\/star-rating\";i:0;s:23:\"uagb\/sure-cart-checkout\";i:0;s:22:\"uagb\/sure-cart-product\";i:0;s:15:\"uagb\/sure-forms\";i:0;s:22:\"uagb\/table-of-contents\";i:0;s:9:\"uagb\/tabs\";i:0;s:15:\"uagb\/tabs-child\";i:0;s:18:\"uagb\/taxonomy-list\";i:0;s:9:\"uagb\/team\";i:0;s:16:\"uagb\/testimonial\";i:0;s:14:\"uagb\/wp-search\";i:0;s:19:\"uagb\/instagram-feed\";i:0;s:10:\"uagb\/login\";i:0;s:17:\"uagb\/loop-builder\";i:0;s:18:\"uagb\/loop-category\";i:0;s:20:\"uagb\/loop-pagination\";i:0;s:15:\"uagb\/loop-reset\";i:0;s:16:\"uagb\/loop-search\";i:0;s:14:\"uagb\/loop-sort\";i:0;s:17:\"uagb\/loop-wrapper\";i:0;s:13:\"uagb\/register\";i:0;s:19:\"uagb\/register-email\";i:0;s:24:\"uagb\/register-first-name\";i:0;s:23:\"uagb\/register-last-name\";i:0;s:22:\"uagb\/register-password\";i:0;s:30:\"uagb\/register-reenter-password\";i:0;s:19:\"uagb\/register-terms\";i:0;s:22:\"uagb\/register-username\";i:0;}"],"_elementor_edit_mode":["builder"],"_elementor_template_type":["wp-page"],"_elementor_version":["3.27.1"],"_top_nav_excluded":[""],"_cms_nav_minihome":[""],"_wp_page_template":["default"],"_elementor_page_settings":["a:1:{s:18:\"etheme_grid_zindex\";s:4:\"1000\";}"],"_elementor_data":["[{\"id\":\"84f234e\",\"elType\":\"section\",\"settings\":{\"gap\":\"no\",\"content_position\":\"middle\",\"animation\":\"fadeInUp\",\"content_width\":{\"unit\":\"px\",\"size\":1770,\"sizes\":[]},\"display_condition_list\":[{\"display_condition_login_status\":\"subscriber\",\"_id\":\"3a75632\"}],\"etheme_conditions_condition_bytime\":\"07:51\"},\"elements\":[{\"id\":\"7f3f1d5\",\"elType\":\"column\",\"settings\":{\"_column_size\":100,\"_inline_size\":null,\"margin\":{\"unit\":\"px\",\"top\":\"0\",\"right\":\"15\",\"bottom\":\"0\",\"left\":\"0\",\"isLinked\":false},\"margin_mobile\":{\"unit\":\"px\",\"top\":\"0\",\"right\":\"0\",\"bottom\":\"0\",\"left\":\"0\",\"isLinked\":false},\"_inline_size_tablet\":100,\"margin_tablet\":{\"unit\":\"px\",\"top\":\"0\",\"right\":\"0\",\"bottom\":\"0\",\"left\":\"0\",\"isLinked\":false},\"padding_tablet\":{\"unit\":\"px\",\"top\":\"0\",\"right\":\"0\",\"bottom\":\"30\",\"left\":\"0\",\"isLinked\":false},\"display_condition_list\":[{\"display_condition_login_status\":\"subscriber\",\"_id\":\"7d40d41\"}]},\"elements\":[{\"id\":\"ab3a934\",\"elType\":\"widget\",\"settings\":{\"editor\":\"<div tabindex=\\\"0\\\" role=\\\"article\\\" data-tabster=\\\"{\\\"groupper\\\":{\\\"tabbability\\\":2},\\\"focusable\\\":{}}\\\" data-content=\\\"ai-message\\\" aria-labelledby=\\\"891EgrKC1nKAtYjVJxvKD-author} 891EgrKC1nKAtYjVJxvKD-content-0\\\"><div id=\\\"891EgrKC1nKAtYjVJxvKD-content-0\\\" class=\\\"space-y-3 break-words\\\"><p>In der heutigen globalen Wirtschaft stehen Unternehmen vor der Notwendigkeit, eine immer schnellere Markteinf\\u00fchrung bei reduzierten Kosten zu erreichen. Outsourcing ist dabei zum Schl\\u00fcssel geworden, um dies zu realisieren. <\\\/p><p>Die Anpassungsservices von Embedian bieten Kunden schl\\u00fcsselfertige, durchg\\u00e4ngige Produktdesign- und Fertigungsdienstleistungen. Diese Dienstleistungen umfassen Designberatung, Hardware-Design, Anpassung von BIOS und Firmware, Geh\\u00e4usedesign, Fertigung, Montage und Qualit\\u00e4tssicherung. <\\\/p><p>Das Design von Embedded-Systemen beginnt mit der Auswahl eines SOM (System-On-Module) als eingebettete Host-Makrokomponente, gefolgt von einer kundenspezifischen oder halbkundenspezifischen Carrier-Board mit den erforderlichen System-I\\\/O-Anschl\\u00fcssen und einem Systemgeh\\u00e4use, um die vollst\\u00e4ndigen Anforderungen an Form, Passgenauigkeit und Funktion zu erf\\u00fcllen.<\\\/p><p>Die technischen Ressourcen, Analyse- und Simulationstechniken von Embedian, kombiniert mit unserer langj\\u00e4hrigen Erfahrung im Bereich Embedded-Computer, haben einen effizienten Designprozess entwickelt. Bei Embedian legen wir besonderen Wert auf Details in der Einf\\u00fchrungsphase der Produktplanung. <\\\/p><\\\/div><\\\/div>\",\"typography_typography\":\"custom\",\"typography_line_height\":{\"unit\":\"em\",\"size\":1.6,\"sizes\":[]},\"typography_letter_spacing\":{\"unit\":\"px\",\"size\":0.32,\"sizes\":[]},\"_margin\":{\"unit\":\"px\",\"top\":\"0\",\"right\":\"0\",\"bottom\":\"20\",\"left\":\"0\",\"isLinked\":false},\"text_color\":\"#222222\",\"typography_font_family\":\"Quicksand\",\"typography_font_size\":{\"unit\":\"px\",\"size\":16,\"sizes\":[]},\"typography_font_weight\":\"500\",\"etheme_parallax_scroll_y\":-80,\"align\":\"justify\",\"_element_width\":\"initial\",\"_element_custom_width\":{\"unit\":\"%\",\"size\":99.545},\"_flex_size\":\"none\",\"display_condition_list\":[{\"display_condition_login_status\":\"subscriber\",\"_id\":\"0f2612f\"}],\"etheme_conditions_condition_bytime\":\"07:51\"},\"elements\":[],\"widgetType\":\"text-editor\"}],\"isInner\":false}],\"isInner\":false},{\"id\":\"236cbd2\",\"elType\":\"container\",\"settings\":{\"flex_direction\":\"column\",\"display_condition_list\":[{\"display_condition_login_status\":\"subscriber\",\"_id\":\"4ab963c\"}]},\"elements\":[{\"id\":\"245c00e\",\"elType\":\"widget\",\"settings\":{\"editor\":\"<hr\\\/>\",\"typography_typography\":\"custom\",\"typography_line_height\":{\"unit\":\"em\",\"size\":1.6,\"sizes\":[]},\"typography_letter_spacing\":{\"unit\":\"px\",\"size\":0.32,\"sizes\":[]},\"_margin\":{\"unit\":\"px\",\"top\":\"0\",\"right\":\"0\",\"bottom\":\"20\",\"left\":\"0\",\"isLinked\":false},\"text_color\":\"#222222\",\"typography_font_family\":\"Quicksand\",\"typography_font_size\":{\"unit\":\"px\",\"size\":16,\"sizes\":[]},\"typography_font_weight\":\"500\",\"etheme_parallax_scroll_y\":-80,\"align\":\"justify\",\"_element_width\":\"initial\",\"_element_custom_width\":{\"unit\":\"%\",\"size\":99.545},\"_flex_size\":\"none\",\"display_condition_list\":[{\"display_condition_login_status\":\"subscriber\",\"_id\":\"0f2612f\"}],\"etheme_conditions_condition_bytime\":\"07:51\"},\"elements\":[],\"widgetType\":\"text-editor\"}],\"isInner\":false},{\"id\":\"9155a4e\",\"elType\":\"section\",\"settings\":{\"gap\":\"no\",\"content_position\":\"middle\",\"animation\":\"fadeInUp\",\"content_width\":{\"unit\":\"px\",\"size\":1770,\"sizes\":[]},\"display_condition_list\":[{\"display_condition_login_status\":\"subscriber\",\"_id\":\"3a75632\"}],\"etheme_conditions_condition_bytime\":\"15:25\"},\"elements\":[{\"id\":\"6268985\",\"elType\":\"column\",\"settings\":{\"_column_size\":100,\"_inline_size\":null,\"margin\":{\"unit\":\"px\",\"top\":\"0\",\"right\":\"15\",\"bottom\":\"0\",\"left\":\"0\",\"isLinked\":false},\"margin_mobile\":{\"unit\":\"px\",\"top\":\"0\",\"right\":\"0\",\"bottom\":\"0\",\"left\":\"0\",\"isLinked\":false},\"_inline_size_tablet\":100,\"margin_tablet\":{\"unit\":\"px\",\"top\":\"0\",\"right\":\"0\",\"bottom\":\"0\",\"left\":\"0\",\"isLinked\":false},\"padding_tablet\":{\"unit\":\"px\",\"top\":\"0\",\"right\":\"0\",\"bottom\":\"30\",\"left\":\"0\",\"isLinked\":false},\"display_condition_list\":[{\"display_condition_login_status\":\"subscriber\",\"_id\":\"7d40d41\"}]},\"elements\":[{\"id\":\"397d3f9\",\"elType\":\"widget\",\"settings\":{\"title\":\"Anpassungsservices\",\"typography_font_weight\":\"700\",\"typography_font_size\":{\"unit\":\"px\",\"size\":24,\"sizes\":[]},\"etheme_parallax_scroll_y\":-80,\"display_condition_list\":[{\"display_condition_login_status\":\"subscriber\",\"_id\":\"d2e6910\"}],\"etheme_conditions_condition_bytime\":\"15:25\"},\"elements\":[],\"widgetType\":\"heading\"},{\"id\":\"8ed0d9a\",\"elType\":\"widget\",\"settings\":{\"editor\":\"<div>Im Folgenden finden Sie eine Liste der Anpassungsservices, die wir anbieten.<br><span style=\\\"font-size: 15.96px;\\\"><br><\\\/span><\\\/div><ul><li style=\\\"list-style-image: url('..\\\/images\\\/list.png');\\\">Individuelles Design und Fertigung von Carrier-Boards<\\\/li><li style=\\\"list-style-image: url('..\\\/images\\\/list.png');\\\">Modifikationen von Standard-Carrier-Boards <\\\/li><li>Design von Zubeh\\u00f6r f\\u00fcr Carrier-Boards<\\\/li><li>Kundenspezifische Tests vor dem Versand<\\\/li><li>Montage von Systemen und Teilsystemen<\\\/li><li style=\\\"list-style-image: url('..\\\/images\\\/list.png');\\\">Mechanisches Design und Geh\\u00e4usedesign<\\\/li><li style=\\\"list-style-image: url('..\\\/images\\\/list.png');\\\">Kundenspezifische Verpackungs- und Versandanforderungen<\\\/li><li style=\\\"list-style-image: url('..\\\/images\\\/list.png');\\\">Beschaffung von Bauteilen<\\\/li><\\\/ul>\",\"typography_typography\":\"custom\",\"typography_line_height\":{\"unit\":\"em\",\"size\":1.6,\"sizes\":[]},\"typography_letter_spacing\":{\"unit\":\"px\",\"size\":0.32,\"sizes\":[]},\"_margin\":{\"unit\":\"px\",\"top\":\"0\",\"right\":\"0\",\"bottom\":\"20\",\"left\":\"0\",\"isLinked\":false},\"text_color\":\"#222222\",\"typography_font_family\":\"Quicksand\",\"typography_font_size\":{\"unit\":\"px\",\"size\":16,\"sizes\":[]},\"typography_font_weight\":\"500\",\"etheme_parallax_scroll_y\":-80,\"align\":\"justify\",\"_element_width\":\"initial\",\"_element_custom_width\":{\"unit\":\"%\",\"size\":98.762},\"_flex_size\":\"none\",\"display_condition_list\":[{\"display_condition_login_status\":\"subscriber\",\"_id\":\"0f2612f\"}],\"etheme_conditions_condition_bytime\":\"15:25\"},\"elements\":[],\"widgetType\":\"text-editor\"}],\"isInner\":false}],\"isInner\":false},{\"id\":\"4f63f7b\",\"elType\":\"container\",\"settings\":{\"flex_direction\":\"column\",\"display_condition_list\":[{\"display_condition_login_status\":\"subscriber\",\"_id\":\"4ab963c\"}]},\"elements\":[{\"id\":\"ba01eb7\",\"elType\":\"widget\",\"settings\":{\"editor\":\"<hr\\\/>\",\"typography_typography\":\"custom\",\"typography_line_height\":{\"unit\":\"em\",\"size\":1.6,\"sizes\":[]},\"typography_letter_spacing\":{\"unit\":\"px\",\"size\":0.32,\"sizes\":[]},\"_margin\":{\"unit\":\"px\",\"top\":\"0\",\"right\":\"0\",\"bottom\":\"20\",\"left\":\"0\",\"isLinked\":false},\"text_color\":\"#222222\",\"typography_font_family\":\"Quicksand\",\"typography_font_size\":{\"unit\":\"px\",\"size\":16,\"sizes\":[]},\"typography_font_weight\":\"500\",\"etheme_parallax_scroll_y\":-80,\"align\":\"justify\",\"_element_width\":\"initial\",\"_element_custom_width\":{\"unit\":\"%\",\"size\":99.545},\"_flex_size\":\"none\",\"display_condition_list\":[{\"display_condition_login_status\":\"subscriber\",\"_id\":\"0f2612f\"}],\"etheme_conditions_condition_bytime\":\"07:51\"},\"elements\":[],\"widgetType\":\"text-editor\"}],\"isInner\":false},{\"id\":\"3e5d7dc\",\"elType\":\"section\",\"settings\":{\"gap\":\"no\",\"content_position\":\"middle\",\"animation\":\"fadeInUp\",\"content_width\":{\"unit\":\"px\",\"size\":1770,\"sizes\":[]},\"display_condition_list\":[{\"display_condition_login_status\":\"subscriber\",\"_id\":\"3a75632\"}],\"etheme_conditions_condition_bytime\":\"15:25\"},\"elements\":[{\"id\":\"1398719\",\"elType\":\"column\",\"settings\":{\"_column_size\":100,\"_inline_size\":null,\"margin\":{\"unit\":\"px\",\"top\":\"0\",\"right\":\"15\",\"bottom\":\"0\",\"left\":\"0\",\"isLinked\":false},\"margin_mobile\":{\"unit\":\"px\",\"top\":\"0\",\"right\":\"0\",\"bottom\":\"0\",\"left\":\"0\",\"isLinked\":false},\"_inline_size_tablet\":100,\"margin_tablet\":{\"unit\":\"px\",\"top\":\"0\",\"right\":\"0\",\"bottom\":\"0\",\"left\":\"0\",\"isLinked\":false},\"padding_tablet\":{\"unit\":\"px\",\"top\":\"0\",\"right\":\"0\",\"bottom\":\"30\",\"left\":\"0\",\"isLinked\":false},\"display_condition_list\":[{\"display_condition_login_status\":\"subscriber\",\"_id\":\"7d40d41\"}]},\"elements\":[{\"id\":\"68fcfa8\",\"elType\":\"widget\",\"settings\":{\"title\":\"Anforderungen an den Anpassungsservice\",\"typography_font_weight\":\"700\",\"typography_font_size\":{\"unit\":\"px\",\"size\":24,\"sizes\":[]},\"etheme_parallax_scroll_y\":-80,\"display_condition_list\":[{\"display_condition_login_status\":\"subscriber\",\"_id\":\"d2e6910\"}],\"etheme_conditions_condition_bytime\":\"15:25\"},\"elements\":[],\"widgetType\":\"heading\"},{\"id\":\"db9a8f4\",\"elType\":\"widget\",\"settings\":{\"editor\":\"<p>Kunden m\\u00fcssen eine Spezifikationsliste f\\u00fcr die Anpassungsanforderungen bereitstellen. Embedian berechnet eine NRE-Geb\\u00fchr (Non-Recurring Engineering) basierend auf der Komplexit\\u00e4t der Anpassung und es gibt eine Mindestbestellmenge (in der Regel 500 Einheiten pro Los). Embedian lagert keine kundenspezifischen Produkte, daher ist die Lieferzeit in der Regel etwas l\\u00e4nger.  <\\\/p>\",\"typography_typography\":\"custom\",\"typography_line_height\":{\"unit\":\"em\",\"size\":1.6,\"sizes\":[]},\"typography_letter_spacing\":{\"unit\":\"px\",\"size\":0.32,\"sizes\":[]},\"_margin\":{\"unit\":\"px\",\"top\":\"0\",\"right\":\"0\",\"bottom\":\"20\",\"left\":\"0\",\"isLinked\":false},\"text_color\":\"#222222\",\"typography_font_family\":\"Quicksand\",\"typography_font_size\":{\"unit\":\"px\",\"size\":16,\"sizes\":[]},\"typography_font_weight\":\"500\",\"etheme_parallax_scroll_y\":-80,\"align\":\"justify\",\"_element_width\":\"initial\",\"_element_custom_width\":{\"unit\":\"%\",\"size\":98.762},\"_flex_size\":\"none\",\"display_condition_list\":[{\"display_condition_login_status\":\"subscriber\",\"_id\":\"0f2612f\"}],\"etheme_conditions_condition_bytime\":\"15:25\"},\"elements\":[],\"widgetType\":\"text-editor\"}],\"isInner\":false}],\"isInner\":false}]"],"_elementor_template_widget_type":[""],"_elementor_popup_display_settings":[""],"_last_translation_edit_mode":["translation-editor"],"_wpml_word_count":["363"],"_uag_css_file_name":["uag-css-8098.css"],"_uag_page_assets":["a:9:{s:3:\"css\";s:263:\".uag-blocks-common-selector{z-index:var(--z-index-desktop) !important}@media (max-width: 976px){.uag-blocks-common-selector{z-index:var(--z-index-tablet) !important}}@media (max-width: 767px){.uag-blocks-common-selector{z-index:var(--z-index-mobile) !important}}\n\";s:2:\"js\";s:0:\"\";s:18:\"current_block_list\";a:7:{i:0;s:11:\"core\/search\";i:1;s:10:\"core\/group\";i:2;s:12:\"core\/heading\";i:3;s:17:\"core\/latest-posts\";i:4;s:20:\"core\/latest-comments\";i:5;s:13:\"core\/archives\";i:6;s:15:\"core\/categories\";}s:8:\"uag_flag\";b:0;s:11:\"uag_version\";s:10:\"1775352206\";s:6:\"gfonts\";a:0:{}s:10:\"gfonts_url\";s:0:\"\";s:12:\"gfonts_files\";a:0:{}s:14:\"uag_faq_layout\";b:0;}"]},"uagb_featured_image_src":{"full":false,"thumbnail":false,"medium":false,"medium_large":false,"large":false,"ht-kb-thumb":false,"1536x1536":false,"2048x2048":false,"mailpoet_newsletter_max":false,"woocommerce_thumbnail":false,"woocommerce_single":false,"woocommerce_gallery_thumbnail":false,"variation_swatches_image_size":false,"variation_swatches_tooltip_size":false,"etheme-woocommerce-nimi":false,"etheme-nimi":false},"uagb_author_info":{"display_name":"admin","author_link":"https:\/\/www.embedian.com\/de\/blog\/author\/admin\/"},"uagb_comment_info":0,"uagb_excerpt":"In der heutigen globalen Wirtschaft stehen Unternehmen vor der Notwendigkeit, eine immer schnellere Markteinf\u00fchrung bei reduzierten Kosten zu erreichen. Outsourcing ist dabei zum Schl\u00fcssel geworden, um dies zu realisieren. Die Anpassungsservices von Embedian bieten Kunden schl\u00fcsselfertige, durchg\u00e4ngige Produktdesign-...","_links":{"self":[{"href":"https:\/\/www.embedian.com\/de\/wp-json\/wp\/v2\/pages\/8098","targetHints":{"allow":["GET"]}}],"collection":[{"href":"https:\/\/www.embedian.com\/de\/wp-json\/wp\/v2\/pages"}],"about":[{"href":"https:\/\/www.embedian.com\/de\/wp-json\/wp\/v2\/types\/page"}],"author":[{"embeddable":true,"href":"https:\/\/www.embedian.com\/de\/wp-json\/wp\/v2\/users\/1"}],"replies":[{"embeddable":true,"href":"https:\/\/www.embedian.com\/de\/wp-json\/wp\/v2\/comments?post=8098"}],"version-history":[{"count":1,"href":"https:\/\/www.embedian.com\/de\/wp-json\/wp\/v2\/pages\/8098\/revisions"}],"predecessor-version":[{"id":8099,"href":"https:\/\/www.embedian.com\/de\/wp-json\/wp\/v2\/pages\/8098\/revisions\/8099"}],"wp:attachment":[{"href":"https:\/\/www.embedian.com\/de\/wp-json\/wp\/v2\/media?parent=8098"}],"curies":[{"name":"wp","href":"https:\/\/api.w.org\/{rel}","templated":true}]}}