{"id":8052,"date":"2026-01-05T01:51:29","date_gmt":"2026-01-05T01:51:29","guid":{"rendered":"http:\/\/59.124.115.49\/product\/evk-edge-rzv2h\/"},"modified":"2026-01-18T15:38:11","modified_gmt":"2026-01-18T15:38:11","slug":"evk-edge-rzv2h","status":"publish","type":"product","link":"https:\/\/www.embedian.com\/de\/product\/evk-edge-rzv2h\/","title":{"rendered":"EVK-EDGE-RZV2H"},"content":{"rendered":"","protected":false},"excerpt":{"rendered":"<hr>\n<ul>\n<li style=\"color: #555555; margin-bottom: 0px;\">OSM-RZ-V2H OSM v1.2 Modul-Bring-up-Plattform f\u00fcr Hardware- und Softwareentwicklung.<\/li>\n<li style=\"color: #555555; margin-bottom: 0px;\">OSM-RZ-V2H OSM v1.2 Modulvalidierungsplattform<\/li>\n<li style=\"color: #555555; margin-bottom: 0px;\">Kundenbewertungsplattform<\/li>\n<li style=\"color: #555555; margin-bottom: 0px;\">Kunden-Carrier-Designreferenz<\/li>\n<li style=\"color: #555555; margin-bottom: 0px;\">Technische Unterst\u00fctzung mit h\u00f6herer Priorit\u00e4t von Embedian<\/li>\n<\/ul>\n<hr>\n<p>&nbsp;<\/p>\n","protected":false},"featured_media":11861,"comment_status":"closed","ping_status":"closed","template":"","meta":{"_uag_custom_page_level_css":""},"etheme_brands":[{"term_id":70,"name":"Embedian","slug":"embedian","term_group":0,"term_taxonomy_id":70,"taxonomy":"brand","description":"","parent":0,"count":216,"filter":"raw"},{"term_id":222,"name":"Renesas","slug":"renesas","term_group":0,"term_taxonomy_id":222,"taxonomy":"brand","description":"","parent":0,"count":24,"filter":"raw"}],"product_brand":[],"product_cat":[261],"product_tag":[262],"class_list":{"0":"post-8052","1":"product","2":"type-product","3":"status-publish","4":"has-post-thumbnail","6":"brand-embedian","7":"brand-renesas","8":"product_cat-evaluierungskit","9":"product_tag-evaluierungskit","11":"first","12":"instock","13":"shipping-taxable","14":"purchasable","15":"product-type-simple"},"spectra_custom_meta":{"_uagb_previous_block_counts":["a:90:{s:21:\"uagb\/advanced-heading\";i:0;s:15:\"uagb\/blockquote\";i:0;s:12:\"uagb\/buttons\";i:0;s:18:\"uagb\/buttons-child\";i:0;s:19:\"uagb\/call-to-action\";i:0;s:15:\"uagb\/cf7-styler\";i:0;s:11:\"uagb\/column\";i:0;s:12:\"uagb\/columns\";i:0;s:14:\"uagb\/container\";i:0;s:21:\"uagb\/content-timeline\";i:0;s:27:\"uagb\/content-timeline-child\";i:0;s:14:\"uagb\/countdown\";i:0;s:12:\"uagb\/counter\";i:0;s:8:\"uagb\/faq\";i:0;s:14:\"uagb\/faq-child\";i:0;s:10:\"uagb\/forms\";i:0;s:17:\"uagb\/forms-accept\";i:0;s:19:\"uagb\/forms-checkbox\";i:0;s:15:\"uagb\/forms-date\";i:0;s:16:\"uagb\/forms-email\";i:0;s:17:\"uagb\/forms-hidden\";i:0;s:15:\"uagb\/forms-name\";i:0;s:16:\"uagb\/forms-phone\";i:0;s:16:\"uagb\/forms-radio\";i:0;s:17:\"uagb\/forms-select\";i:0;s:19:\"uagb\/forms-textarea\";i:0;s:17:\"uagb\/forms-toggle\";i:0;s:14:\"uagb\/forms-url\";i:0;s:14:\"uagb\/gf-styler\";i:0;s:15:\"uagb\/google-map\";i:0;s:11:\"uagb\/how-to\";i:0;s:16:\"uagb\/how-to-step\";i:0;s:9:\"uagb\/icon\";i:0;s:14:\"uagb\/icon-list\";i:0;s:20:\"uagb\/icon-list-child\";i:0;s:10:\"uagb\/image\";i:0;s:18:\"uagb\/image-gallery\";i:0;s:13:\"uagb\/info-box\";i:0;s:18:\"uagb\/inline-notice\";i:0;s:11:\"uagb\/lottie\";i:0;s:21:\"uagb\/marketing-button\";i:0;s:10:\"uagb\/modal\";i:0;s:18:\"uagb\/popup-builder\";i:0;s:16:\"uagb\/post-button\";i:0;s:18:\"uagb\/post-carousel\";i:0;s:17:\"uagb\/post-excerpt\";i:0;s:14:\"uagb\/post-grid\";i:0;s:15:\"uagb\/post-image\";i:0;s:17:\"uagb\/post-masonry\";i:0;s:14:\"uagb\/post-meta\";i:0;s:18:\"uagb\/post-taxonomy\";i:0;s:18:\"uagb\/post-timeline\";i:0;s:15:\"uagb\/post-title\";i:0;s:20:\"uagb\/restaurant-menu\";i:0;s:26:\"uagb\/restaurant-menu-child\";i:0;s:11:\"uagb\/review\";i:0;s:12:\"uagb\/section\";i:0;s:14:\"uagb\/separator\";i:0;s:11:\"uagb\/slider\";i:0;s:17:\"uagb\/slider-child\";i:0;s:17:\"uagb\/social-share\";i:0;s:23:\"uagb\/social-share-child\";i:0;s:16:\"uagb\/star-rating\";i:0;s:23:\"uagb\/sure-cart-checkout\";i:0;s:22:\"uagb\/sure-cart-product\";i:0;s:15:\"uagb\/sure-forms\";i:0;s:22:\"uagb\/table-of-contents\";i:0;s:9:\"uagb\/tabs\";i:0;s:15:\"uagb\/tabs-child\";i:0;s:18:\"uagb\/taxonomy-list\";i:0;s:9:\"uagb\/team\";i:0;s:16:\"uagb\/testimonial\";i:0;s:14:\"uagb\/wp-search\";i:0;s:19:\"uagb\/instagram-feed\";i:0;s:10:\"uagb\/login\";i:0;s:17:\"uagb\/loop-builder\";i:0;s:18:\"uagb\/loop-category\";i:0;s:20:\"uagb\/loop-pagination\";i:0;s:15:\"uagb\/loop-reset\";i:0;s:16:\"uagb\/loop-search\";i:0;s:14:\"uagb\/loop-sort\";i:0;s:17:\"uagb\/loop-wrapper\";i:0;s:13:\"uagb\/register\";i:0;s:19:\"uagb\/register-email\";i:0;s:24:\"uagb\/register-first-name\";i:0;s:23:\"uagb\/register-last-name\";i:0;s:22:\"uagb\/register-password\";i:0;s:30:\"uagb\/register-reenter-password\";i:0;s:19:\"uagb\/register-terms\";i:0;s:22:\"uagb\/register-username\";i:0;}"],"_wcml_average_rating":[null],"_wcml_review_count":[null],"_wcml_rating_count":[null],"_elementor_edit_mode":["builder"],"_elementor_template_type":["wp-post"],"_elementor_version":["3.25.11"],"_backorders":["no"],"_download_limit":["-1"],"_download_expiry":["-1"],"_downloadable":["no"],"_manage_stock":["no"],"_sku":["EVK-pITX-OSM-iMX93-1-1"],"_stock_status":["instock"],"_sold_individually":["no"],"_tax_class":[""],"_tax_status":["taxable"],"_virtual":["no"],"_weight":["500"],"_width":["170"],"_length":["170"],"total_sales":["0"],"_regular_price":["199"],"_price":["199"],"_top_nav_excluded":[""],"_cms_nav_minihome":[""],"_wp_page_template":["default"],"_elementor_page_settings":["a:1:{s:18:\"etheme_grid_zindex\";s:4:\"1000\";}"],"_elementor_data":["[]"],"_last_translation_edit_mode":["translation-editor"],"_wpml_word_count":["49"],"_thumbnail_id":["11861"],"_uag_css_file_name":["uag-css-8052.css"],"_uag_page_assets":["a:9:{s:3:\"css\";s:263:\".uag-blocks-common-selector{z-index:var(--z-index-desktop) !important}@media (max-width: 976px){.uag-blocks-common-selector{z-index:var(--z-index-tablet) !important}}@media (max-width: 767px){.uag-blocks-common-selector{z-index:var(--z-index-mobile) !important}}\n\";s:2:\"js\";s:0:\"\";s:18:\"current_block_list\";a:7:{i:0;s:11:\"core\/search\";i:1;s:10:\"core\/group\";i:2;s:12:\"core\/heading\";i:3;s:17:\"core\/latest-posts\";i:4;s:20:\"core\/latest-comments\";i:5;s:13:\"core\/archives\";i:6;s:15:\"core\/categories\";}s:8:\"uag_flag\";b:0;s:11:\"uag_version\";s:10:\"1775409506\";s:6:\"gfonts\";a:0:{}s:10:\"gfonts_url\";s:0:\"\";s:12:\"gfonts_files\";a:0:{}s:14:\"uag_faq_layout\";b:0;}"],"_wc_rating_count":[""],"_wc_review_count":[""],"_wc_average_rating":[0]},"uagb_featured_image_src":{"full":["https:\/\/www.embedian.com\/wp-content\/uploads\/2026\/01\/edge-rzv2h_med_top.png",750,724,false],"thumbnail":["https:\/\/www.embedian.com\/wp-content\/uploads\/2026\/01\/edge-rzv2h_med_top-150x150.png",150,150,true],"medium":["https:\/\/www.embedian.com\/wp-content\/uploads\/2026\/01\/edge-rzv2h_med_top-300x290.png",300,290,true],"medium_large":["https:\/\/www.embedian.com\/wp-content\/uploads\/2026\/01\/edge-rzv2h_med_top.png",750,724,false],"large":["https:\/\/www.embedian.com\/wp-content\/uploads\/2026\/01\/edge-rzv2h_med_top.png",750,724,false],"ht-kb-thumb":["https:\/\/www.embedian.com\/wp-content\/uploads\/2026\/01\/edge-rzv2h_med_top-50x48.png",50,48,true],"1536x1536":["https:\/\/www.embedian.com\/wp-content\/uploads\/2026\/01\/edge-rzv2h_med_top.png",750,724,false],"2048x2048":["https:\/\/www.embedian.com\/wp-content\/uploads\/2026\/01\/edge-rzv2h_med_top.png",750,724,false],"mailpoet_newsletter_max":["https:\/\/www.embedian.com\/wp-content\/uploads\/2026\/01\/edge-rzv2h_med_top.png",750,724,false],"woocommerce_thumbnail":["https:\/\/www.embedian.com\/wp-content\/uploads\/2026\/01\/edge-rzv2h_med_top-300x300.png",300,300,true],"woocommerce_single":["https:\/\/www.embedian.com\/wp-content\/uploads\/2026\/01\/edge-rzv2h_med_top-600x579.png",600,579,true],"woocommerce_gallery_thumbnail":["https:\/\/www.embedian.com\/wp-content\/uploads\/2026\/01\/edge-rzv2h_med_top-100x100.png",100,100,true],"variation_swatches_image_size":["https:\/\/www.embedian.com\/wp-content\/uploads\/2026\/01\/edge-rzv2h_med_top-50x50.png",50,50,true],"variation_swatches_tooltip_size":["https:\/\/www.embedian.com\/wp-content\/uploads\/2026\/01\/edge-rzv2h_med_top-100x100.png",100,100,true],"etheme-woocommerce-nimi":["https:\/\/www.embedian.com\/wp-content\/uploads\/2026\/01\/edge-rzv2h_med_top-1x1.png",1,1,true],"etheme-nimi":["https:\/\/www.embedian.com\/wp-content\/uploads\/2026\/01\/edge-rzv2h_med_top-10x10.png",10,10,true]},"uagb_author_info":{"display_name":"admin","author_link":"https:\/\/www.embedian.com\/de\/blog\/author\/"},"uagb_comment_info":0,"uagb_excerpt":"OSM-RZ-V2H OSM v1.2 Modul-Bring-up-Plattform f\u00fcr Hardware- und Softwareentwicklung. OSM-RZ-V2H OSM v1.2 Modulvalidierungsplattform Kundenbewertungsplattform Kunden-Carrier-Designreferenz Technische Unterst\u00fctzung mit h\u00f6herer Priorit\u00e4t von Embedian &nbsp;","_links":{"self":[{"href":"https:\/\/www.embedian.com\/de\/wp-json\/wp\/v2\/product\/8052","targetHints":{"allow":["GET"]}}],"collection":[{"href":"https:\/\/www.embedian.com\/de\/wp-json\/wp\/v2\/product"}],"about":[{"href":"https:\/\/www.embedian.com\/de\/wp-json\/wp\/v2\/types\/product"}],"replies":[{"embeddable":true,"href":"https:\/\/www.embedian.com\/de\/wp-json\/wp\/v2\/comments?post=8052"}],"version-history":[{"count":1,"href":"https:\/\/www.embedian.com\/de\/wp-json\/wp\/v2\/product\/8052\/revisions"}],"predecessor-version":[{"id":8055,"href":"https:\/\/www.embedian.com\/de\/wp-json\/wp\/v2\/product\/8052\/revisions\/8055"}],"wp:featuredmedia":[{"embeddable":true,"href":"https:\/\/www.embedian.com\/de\/wp-json\/wp\/v2\/media\/11861"}],"wp:attachment":[{"href":"https:\/\/www.embedian.com\/de\/wp-json\/wp\/v2\/media?parent=8052"}],"wp:term":[{"taxonomy":"brand","embeddable":true,"href":"https:\/\/www.embedian.com\/de\/wp-json\/wp\/v2\/etheme_brands?post=8052"},{"taxonomy":"product_brand","embeddable":true,"href":"https:\/\/www.embedian.com\/de\/wp-json\/wp\/v2\/product_brand?post=8052"},{"taxonomy":"product_cat","embeddable":true,"href":"https:\/\/www.embedian.com\/de\/wp-json\/wp\/v2\/product_cat?post=8052"},{"taxonomy":"product_tag","embeddable":true,"href":"https:\/\/www.embedian.com\/de\/wp-json\/wp\/v2\/product_tag?post=8052"}],"curies":[{"name":"wp","href":"https:\/\/api.w.org\/{rel}","templated":true}]}}