{"id":9056,"date":"2024-12-05T09:21:14","date_gmt":"2024-12-05T09:21:14","guid":{"rendered":"http:\/\/59.124.115.49\/product\/smarc-imx8\/"},"modified":"2026-01-26T07:56:06","modified_gmt":"2026-01-26T07:56:06","slug":"smarc-imx8","status":"publish","type":"product","link":"https:\/\/www.embedian.com\/de\/product\/smarc-imx8\/","title":{"rendered":"SMARC-iMX8"},"content":{"rendered":"","protected":false},"excerpt":{"rendered":"<hr>\n<ul>\n<li style=\"color: #555555; margin-bottom: 0px;\">NXP i.MX8 2 \u00d7 Cortex-A72 @1,6 GHz und 4 \u00d7 Cortex-A53 @1,2 GHz<\/li>\n<li style=\"color: #555555; margin-bottom: 0px;\">4 GB\/8 GB LPDDR4, 32 GB eMMC<\/li>\n<li style=\"color: #555555; margin-bottom: 0px;\">HDMI\/DP, LVDS, eDP und 2 \u00d7 GBE mit AVB, 2 \u00d7 MIPI-CSI<\/li>\n<li style=\"color: #555555; margin-bottom: 0px;\">2 \u00d7 CAN-FD, 4 \u00d7 UART, 6 \u00d7 I2C, 2 \u00d7 I2S, 2 \u00d7 PCIe3, 2 \u00d7 SPI, SATA, 1 \u00d7 USB2.0 OTG, 4 \u00d7 USB2.0, 1 \u00d7 USB 3.0<\/li>\n<\/ul>\n<hr>\n<p>&nbsp;<\/p>\n","protected":false},"featured_media":9057,"comment_status":"closed","ping_status":"closed","template":"","meta":{"_uag_custom_page_level_css":""},"etheme_brands":[{"term_id":70,"name":"Embedian","slug":"embedian","term_group":0,"term_taxonomy_id":70,"taxonomy":"brand","description":"","parent":0,"count":216,"filter":"raw"},{"term_id":94,"name":"NXP","slug":"nxp","term_group":0,"term_taxonomy_id":94,"taxonomy":"brand","description":"","parent":0,"count":104,"filter":"raw"}],"product_brand":[],"product_cat":[302],"product_tag":[303],"class_list":{"0":"post-9056","1":"product","2":"type-product","3":"status-publish","4":"has-post-thumbnail","6":"brand-embedian","7":"brand-nxp","8":"product_cat-smarc","9":"product_tag-smarc","11":"first","12":"instock","13":"shipping-taxable","14":"purchasable","15":"product-type-variable","16":"has-default-attributes"},"spectra_custom_meta":{"_uagb_previous_block_counts":["a:90:{s:21:\"uagb\/advanced-heading\";i:0;s:15:\"uagb\/blockquote\";i:0;s:12:\"uagb\/buttons\";i:0;s:18:\"uagb\/buttons-child\";i:0;s:19:\"uagb\/call-to-action\";i:0;s:15:\"uagb\/cf7-styler\";i:0;s:11:\"uagb\/column\";i:0;s:12:\"uagb\/columns\";i:0;s:14:\"uagb\/container\";i:0;s:21:\"uagb\/content-timeline\";i:0;s:27:\"uagb\/content-timeline-child\";i:0;s:14:\"uagb\/countdown\";i:0;s:12:\"uagb\/counter\";i:0;s:8:\"uagb\/faq\";i:0;s:14:\"uagb\/faq-child\";i:0;s:10:\"uagb\/forms\";i:0;s:17:\"uagb\/forms-accept\";i:0;s:19:\"uagb\/forms-checkbox\";i:0;s:15:\"uagb\/forms-date\";i:0;s:16:\"uagb\/forms-email\";i:0;s:17:\"uagb\/forms-hidden\";i:0;s:15:\"uagb\/forms-name\";i:0;s:16:\"uagb\/forms-phone\";i:0;s:16:\"uagb\/forms-radio\";i:0;s:17:\"uagb\/forms-select\";i:0;s:19:\"uagb\/forms-textarea\";i:0;s:17:\"uagb\/forms-toggle\";i:0;s:14:\"uagb\/forms-url\";i:0;s:14:\"uagb\/gf-styler\";i:0;s:15:\"uagb\/google-map\";i:0;s:11:\"uagb\/how-to\";i:0;s:16:\"uagb\/how-to-step\";i:0;s:9:\"uagb\/icon\";i:0;s:14:\"uagb\/icon-list\";i:0;s:20:\"uagb\/icon-list-child\";i:0;s:10:\"uagb\/image\";i:0;s:18:\"uagb\/image-gallery\";i:0;s:13:\"uagb\/info-box\";i:0;s:18:\"uagb\/inline-notice\";i:0;s:11:\"uagb\/lottie\";i:0;s:21:\"uagb\/marketing-button\";i:0;s:10:\"uagb\/modal\";i:0;s:18:\"uagb\/popup-builder\";i:0;s:16:\"uagb\/post-button\";i:0;s:18:\"uagb\/post-carousel\";i:0;s:17:\"uagb\/post-excerpt\";i:0;s:14:\"uagb\/post-grid\";i:0;s:15:\"uagb\/post-image\";i:0;s:17:\"uagb\/post-masonry\";i:0;s:14:\"uagb\/post-meta\";i:0;s:18:\"uagb\/post-taxonomy\";i:0;s:18:\"uagb\/post-timeline\";i:0;s:15:\"uagb\/post-title\";i:0;s:20:\"uagb\/restaurant-menu\";i:0;s:26:\"uagb\/restaurant-menu-child\";i:0;s:11:\"uagb\/review\";i:0;s:12:\"uagb\/section\";i:0;s:14:\"uagb\/separator\";i:0;s:11:\"uagb\/slider\";i:0;s:17:\"uagb\/slider-child\";i:0;s:17:\"uagb\/social-share\";i:0;s:23:\"uagb\/social-share-child\";i:0;s:16:\"uagb\/star-rating\";i:0;s:23:\"uagb\/sure-cart-checkout\";i:0;s:22:\"uagb\/sure-cart-product\";i:0;s:15:\"uagb\/sure-forms\";i:0;s:22:\"uagb\/table-of-contents\";i:0;s:9:\"uagb\/tabs\";i:0;s:15:\"uagb\/tabs-child\";i:0;s:18:\"uagb\/taxonomy-list\";i:0;s:9:\"uagb\/team\";i:0;s:16:\"uagb\/testimonial\";i:0;s:14:\"uagb\/wp-search\";i:0;s:19:\"uagb\/instagram-feed\";i:0;s:10:\"uagb\/login\";i:0;s:17:\"uagb\/loop-builder\";i:0;s:18:\"uagb\/loop-category\";i:0;s:20:\"uagb\/loop-pagination\";i:0;s:15:\"uagb\/loop-reset\";i:0;s:16:\"uagb\/loop-search\";i:0;s:14:\"uagb\/loop-sort\";i:0;s:17:\"uagb\/loop-wrapper\";i:0;s:13:\"uagb\/register\";i:0;s:19:\"uagb\/register-email\";i:0;s:24:\"uagb\/register-first-name\";i:0;s:23:\"uagb\/register-last-name\";i:0;s:22:\"uagb\/register-password\";i:0;s:30:\"uagb\/register-reenter-password\";i:0;s:19:\"uagb\/register-terms\";i:0;s:22:\"uagb\/register-username\";i:0;}"],"_elementor_edit_mode":["builder"],"_elementor_template_type":["wp-post"],"_elementor_version":["3.27.6"],"_backorders":["no"],"_download_limit":["-1"],"_download_expiry":["-1"],"_downloadable":["no"],"_manage_stock":["no"],"_sku":["SMARC-iMX8-5-QP-4G"],"_stock_status":["instock"],"_sold_individually":["no"],"_tax_class":[""],"_tax_status":["taxable"],"_virtual":["no"],"_weight":["20"],"_width":["50"],"_length":["82"],"_price":["300"],"_top_nav_excluded":[""],"_cms_nav_minihome":[""],"_wp_page_template":["default"],"_elementor_page_settings":["a:1:{s:18:\"etheme_grid_zindex\";s:4:\"1000\";}"],"_elementor_data":["[]"],"_last_translation_edit_mode":["native-editor"],"_wpml_word_count":["36"],"_et_custom_tab1_title":["test1"],"_et_custom_tab1":["yeyeeyeyeyyery"],"_edit_lock":["1769414039:1"],"_edit_last":["1"],"_product_video_gallery":[""],"_product_video_code":[""],"_product_video_autoplay":[""],"_responsive_tabs_woo_data":["a:6:{i:0;a:5:{s:5:\"title\";s:10:\"\u00dcbersicht\";s:4:\"icon\";s:0:\"\";s:8:\"priority\";s:2:\"10\";s:8:\"callback\";s:0:\"\";s:7:\"content\";s:536:\"<h2 style=\"font-family: 'Exo 2', sans-serif; padding-bottom: 20px;\">SMARC-iMX8 NXP SMARC 2.0 System-on-Module<\/h2>\r\n\r\n<hr \/>\r\n\r\n<!-- Unterer Abschnitt -->\r\n<div class=\"tab-bottom-section\">\r\n<ul>\r\n \t<li>Dual-Core ARM Cortex-A72 CPU mit 1,6 GHz und Quad-Core ARM Cortex-A53 mit 1,2 GHz<\/li>\r\n \t<li>Echtzeit-2\u00d7 ARM Cortex-M4F Co-Prozessor<\/li>\r\n \t<li>SMARC 2.0 (82 mm \u00d7 50 mm) konform<\/li>\r\n \t<li>Verf\u00fcgbarkeit garantiert bis 2038<\/li>\r\n<\/ul>\r\n<\/div>\r\n\r\n<hr \/>\r\n\r\n[wptb id=9100]\r\n\r\n<hr \/>\r\n\r\n[wptb id=9099]\r\n\r\n<hr \/>\r\n\r\n[wptb id=8995]\r\n\";}i:1;a:5:{s:5:\"title\";s:15:\"Spezifikationen\";s:4:\"icon\";s:0:\"\";s:8:\"priority\";s:2:\"20\";s:8:\"callback\";s:0:\"\";s:7:\"content\";s:225:\"<h2 style=\"border-bottom: 1px dotted #238c00; padding-bottom: 20px;\">\r\n  <img src=\"https:\/\/www.embedian.com\/wp-content\/uploads\/2024\/11\/hardware_download.png\" alt=\"hardware document\" \/> Spezifikationen\r\n<\/h2>\r\n[wptb id=7085]\r\n\";}i:2;a:5:{s:5:\"title\";s:9:\"Dokumente\";s:4:\"icon\";s:0:\"\";s:8:\"priority\";s:2:\"30\";s:8:\"callback\";s:0:\"\";s:7:\"content\";s:478:\"<div class=\"tab4-flex-container\">\r\n<h2 style=\"border-bottom: 1px dotted #238c00; padding-bottom: 10px;\">\r\n  <img src=\"https:\/\/www.embedian.com\/wp-content\/uploads\/2024\/11\/hardware_download.png\" alt=\"hardware document\" \/> Design-Ressourcen\r\n<\/h2>\r\n<div class=\"tab4-flex-item\">[download id=\"9107\"]<\/div>\r\n<div class=\"tab4-flex-item\">[download id=\"9110\"]<\/div>\r\n<div class=\"tab4-flex-item\">[download id=\"9187\"]<\/div>\r\n<div class=\"tab4-flex-item\">[download id=\"9190\"]<\/div>\r\n<\/div>\r\n\";}i:3;a:5:{s:5:\"title\";s:8:\"Software\";s:4:\"icon\";s:0:\"\";s:8:\"priority\";s:2:\"40\";s:8:\"callback\";s:0:\"\";s:7:\"content\";s:238:\"&nbsp;\r\n<h2 style=\"border-bottom: 1px dotted #238c00; padding-bottom: 20px;\">\r\n  <img src=\"https:\/\/www.embedian.com\/wp-content\/uploads\/2024\/11\/hardware_download.png\" alt=\"hardware document\" \/> Software-Handb\u00fccher\r\n<\/h2>\r\n[wptb id=7087]\r\n\";}i:4;a:5:{s:5:\"title\";s:15:\"Evaluierungskit\";s:4:\"icon\";s:0:\"\";s:8:\"priority\";s:2:\"50\";s:8:\"callback\";s:0:\"\";s:7:\"content\";s:609:\"<h2 style=\"font-family: 'Exo 2', sans-serif; padding-bottom: 20px;\">SMARC-iMX8 NXP SMARC 2.0 System-on-Module<\/h2>\r\n\r\n<hr \/>\r\n\r\n<!-- Unterer Abschnitt -->\r\n<div class=\"tab-bottom-section\">\r\n<ul>\r\n \t<li>SMARC v2.0+ Modulkonformit\u00e4t<\/li>\r\n \t<li>SMARC v2.0+ Modul-Startplattform f\u00fcr Hardware- und Softwareentwicklung<\/li>\r\n \t<li>SMARC 2.0+ Modul Bewertungs- und Validierungsplattform<\/li>\r\n \t<li>Referenz f\u00fcr das Design von Kunden-Tr\u00e4gerkarten<\/li>\r\n \t<li>Priorisierter technischer Support von Embedian<\/li>\r\n<\/ul>\r\n<\/div>\r\n\r\n<hr \/>\r\n\r\n[wptb id=7076]\r\n\r\n<hr \/>\r\n\r\n[wptb id=7583]\r\n\r\n<hr \/>\r\n\r\n[wptb id=7584]\r\n\";}i:5;a:5:{s:5:\"title\";s:20:\"Bestellinformationen\";s:4:\"icon\";s:0:\"\";s:8:\"priority\";s:2:\"60\";s:8:\"callback\";s:0:\"\";s:7:\"content\";s:390:\"<h2 style=\"border-bottom: 1px dotted #238c00; padding-bottom: 20px;\">\r\n  <img src=\"https:\/\/www.embedian.com\/wp-content\/uploads\/2024\/11\/hardware_download.png\" alt=\"hardware document\" \/> Bestellinformationen\r\n<\/h2>\r\n<img style=\"padding-bottom: 20px;\" src=\"https:\/\/www.embedian.com\/wp-content\/uploads\/2024\/12\/part_number_imx8.png\" alt=\"Teilenummer\" width=\"200\" \/>\r\n\r\n<hr \/>\r\n\r\n[wptb id=7614]\r\n\";}}"],"_et_quantity_type":[""],"_et_quantity_ranges":[""],"_sale_price_time_start":[""],"_sale_price_time_end":[""],"_et_gtin":[""],"_et_bought_together_ids":["a:0:{}"],"total_sales":["0"],"_stock":[null],"_wc_average_rating":[0],"_wc_review_count":["0"],"_product_version":["10.4.3"],"_et_primary_category":["auto"],"_et_sale_counter":["disable"],"_et_single_layout":["standard"],"_et_additional_block":["0"],"_et_product_slider":["inherit"],"_et_single_thumbnail_hover":["inherit"],"_et_product_view_hover":["inherit"],"_et_product_view_color":["inherit"],"_et_product_video_thumbnail":["inherit"],"_thumbnail_id":["9057"],"_wcml_average_rating":[null],"_wcml_review_count":[null],"_wcml_rating_count":[null],"_product_attributes":["a:4:{s:9:\"pa_memory\";a:6:{s:4:\"name\";s:9:\"pa_memory\";s:5:\"value\";s:0:\"\";s:8:\"position\";i:0;s:10:\"is_visible\";i:1;s:12:\"is_variation\";i:1;s:11:\"is_taxonomy\";i:1;}s:14:\"pa_temperature\";a:6:{s:4:\"name\";s:14:\"pa_temperature\";s:5:\"value\";s:0:\"\";s:8:\"position\";i:1;s:10:\"is_visible\";i:1;s:12:\"is_variation\";i:1;s:11:\"is_taxonomy\";i:1;}s:6:\"pa_cpu\";a:6:{s:4:\"name\";s:6:\"pa_cpu\";s:5:\"value\";s:0:\"\";s:8:\"position\";i:2;s:10:\"is_visible\";i:1;s:12:\"is_variation\";i:1;s:11:\"is_taxonomy\";i:1;}s:11:\"pa_cpu_type\";a:6:{s:4:\"name\";s:11:\"pa_cpu_type\";s:5:\"value\";s:0:\"\";s:8:\"position\";i:3;s:10:\"is_visible\";i:1;s:12:\"is_variation\";i:1;s:11:\"is_taxonomy\";i:1;}}"],"_default_attributes":["a:4:{s:9:\"pa_memory\";s:3:\"4gb\";s:14:\"pa_temperature\";s:10:\"industrial\";s:6:\"pa_cpu\";s:2:\"no\";s:11:\"pa_cpu_type\";s:8:\"quadplus\";}"],"_uag_css_file_name":["uag-css-9056.css"],"_uag_page_assets":["a:9:{s:3:\"css\";s:263:\".uag-blocks-common-selector{z-index:var(--z-index-desktop) !important}@media (max-width: 976px){.uag-blocks-common-selector{z-index:var(--z-index-tablet) !important}}@media (max-width: 767px){.uag-blocks-common-selector{z-index:var(--z-index-mobile) !important}}\n\";s:2:\"js\";s:0:\"\";s:18:\"current_block_list\";a:7:{i:0;s:11:\"core\/search\";i:1;s:10:\"core\/group\";i:2;s:12:\"core\/heading\";i:3;s:17:\"core\/latest-posts\";i:4;s:20:\"core\/latest-comments\";i:5;s:13:\"core\/archives\";i:6;s:15:\"core\/categories\";}s:8:\"uag_flag\";b:0;s:11:\"uag_version\";s:10:\"1775381977\";s:6:\"gfonts\";a:0:{}s:10:\"gfonts_url\";s:0:\"\";s:12:\"gfonts_files\";a:0:{}s:14:\"uag_faq_layout\";b:0;}"],"_elementor_page_assets":["a:0:{}"],"_elementor_css":["a:7:{s:4:\"time\";i:1775381978;s:5:\"fonts\";a:0:{}s:5:\"icons\";a:0:{}s:20:\"dynamic_elements_ids\";a:0:{}s:6:\"status\";s:5:\"empty\";i:0;s:0:\"\";s:3:\"css\";s:0:\"\";}"],"_wc_rating_count":[""]},"uagb_featured_image_src":{"full":["https:\/\/www.embedian.com\/wp-content\/uploads\/2024\/12\/smarc-imx8_MED_n.webp",740,740,false],"thumbnail":["https:\/\/www.embedian.com\/wp-content\/uploads\/2024\/12\/smarc-imx8_MED_n-150x150.png",150,150,true],"medium":["https:\/\/www.embedian.com\/wp-content\/uploads\/2024\/12\/smarc-imx8_MED_n-300x300.png",300,300,true],"medium_large":["https:\/\/www.embedian.com\/wp-content\/uploads\/2024\/12\/smarc-imx8_MED_n.webp",740,740,false],"large":["https:\/\/www.embedian.com\/wp-content\/uploads\/2024\/12\/smarc-imx8_MED_n.webp",740,740,false],"ht-kb-thumb":["https:\/\/www.embedian.com\/wp-content\/uploads\/2024\/12\/smarc-imx8_MED_n.webp",50,50,false],"1536x1536":["https:\/\/www.embedian.com\/wp-content\/uploads\/2024\/12\/smarc-imx8_MED_n.webp",740,740,false],"2048x2048":["https:\/\/www.embedian.com\/wp-content\/uploads\/2024\/12\/smarc-imx8_MED_n.webp",740,740,false],"mailpoet_newsletter_max":["https:\/\/www.embedian.com\/wp-content\/uploads\/2024\/12\/smarc-imx8_MED_n.webp",740,740,false],"woocommerce_thumbnail":["https:\/\/www.embedian.com\/wp-content\/uploads\/2024\/12\/smarc-imx8_MED_n-300x300.png",300,300,true],"woocommerce_single":["https:\/\/www.embedian.com\/wp-content\/uploads\/2024\/12\/smarc-imx8_MED_n-600x600.png",600,600,true],"woocommerce_gallery_thumbnail":["https:\/\/www.embedian.com\/wp-content\/uploads\/2024\/12\/smarc-imx8_MED_n-100x100.png",100,100,true],"variation_swatches_image_size":["https:\/\/www.embedian.com\/wp-content\/uploads\/2024\/12\/smarc-imx8_MED_n-50x50.png",50,50,true],"variation_swatches_tooltip_size":["https:\/\/www.embedian.com\/wp-content\/uploads\/2024\/12\/smarc-imx8_MED_n-100x100.png",100,100,true],"etheme-woocommerce-nimi":["https:\/\/www.embedian.com\/wp-content\/uploads\/2024\/12\/smarc-imx8_MED_n-1x1.png",1,1,true],"etheme-nimi":["https:\/\/www.embedian.com\/wp-content\/uploads\/2024\/12\/smarc-imx8_MED_n-10x10.png",10,10,true]},"uagb_author_info":{"display_name":"admin","author_link":"https:\/\/www.embedian.com\/de\/blog\/author\/"},"uagb_comment_info":0,"uagb_excerpt":"NXP i.MX8 2 \u00d7 Cortex-A72 @1,6 GHz und 4 \u00d7 Cortex-A53 @1,2 GHz 4 GB\/8 GB LPDDR4, 32 GB eMMC HDMI\/DP, LVDS, eDP und 2 \u00d7 GBE mit AVB, 2 \u00d7 MIPI-CSI 2 \u00d7 CAN-FD, 4 \u00d7 UART, 6 \u00d7 I2C, 2 \u00d7 I2S, 2 \u00d7 PCIe3, 2 \u00d7 SPI, SATA, 1 \u00d7 USB2.0 OTG,&hellip;","_links":{"self":[{"href":"https:\/\/www.embedian.com\/de\/wp-json\/wp\/v2\/product\/9056","targetHints":{"allow":["GET"]}}],"collection":[{"href":"https:\/\/www.embedian.com\/de\/wp-json\/wp\/v2\/product"}],"about":[{"href":"https:\/\/www.embedian.com\/de\/wp-json\/wp\/v2\/types\/product"}],"replies":[{"embeddable":true,"href":"https:\/\/www.embedian.com\/de\/wp-json\/wp\/v2\/comments?post=9056"}],"version-history":[{"count":2,"href":"https:\/\/www.embedian.com\/de\/wp-json\/wp\/v2\/product\/9056\/revisions"}],"predecessor-version":[{"id":9114,"href":"https:\/\/www.embedian.com\/de\/wp-json\/wp\/v2\/product\/9056\/revisions\/9114"}],"wp:featuredmedia":[{"embeddable":true,"href":"https:\/\/www.embedian.com\/de\/wp-json\/wp\/v2\/media\/9057"}],"wp:attachment":[{"href":"https:\/\/www.embedian.com\/de\/wp-json\/wp\/v2\/media?parent=9056"}],"wp:term":[{"taxonomy":"brand","embeddable":true,"href":"https:\/\/www.embedian.com\/de\/wp-json\/wp\/v2\/etheme_brands?post=9056"},{"taxonomy":"product_brand","embeddable":true,"href":"https:\/\/www.embedian.com\/de\/wp-json\/wp\/v2\/product_brand?post=9056"},{"taxonomy":"product_cat","embeddable":true,"href":"https:\/\/www.embedian.com\/de\/wp-json\/wp\/v2\/product_cat?post=9056"},{"taxonomy":"product_tag","embeddable":true,"href":"https:\/\/www.embedian.com\/de\/wp-json\/wp\/v2\/product_tag?post=9056"}],"curies":[{"name":"wp","href":"https:\/\/api.w.org\/{rel}","templated":true}]}}