{"id":8946,"date":"2024-10-25T08:15:51","date_gmt":"2024-10-25T08:15:51","guid":{"rendered":"http:\/\/59.124.115.49\/product\/smarc-imx93\/"},"modified":"2026-01-25T02:05:15","modified_gmt":"2026-01-25T02:05:15","slug":"smarc-imx93","status":"publish","type":"product","link":"https:\/\/www.embedian.com\/es\/product\/smarc-imx93\/","title":{"rendered":"SMARC-iMX93"},"content":{"rendered":"","protected":false},"excerpt":{"rendered":"<hr>\n<ul>\n<li style=\"color: #555555; margin-bottom: 0px;\">NXP i.MX93, 2 \u00d7 Cortex-A55 @ 1,7 GHz<\/li>\n<li style=\"color: #555555; margin-bottom: 0px;\">1 GB \/ 2 GB LPDDR4, 16 GB eMMC<\/li>\n<li style=\"color: #555555; margin-bottom: 0px;\">Unidad de procesamiento neuronal IA \/ ML (NPU)<\/li>\n<li style=\"color: #555555; margin-bottom: 0px;\">LVDS, MIPI-DSI, 1 \u00d7 MIPI-CSI de 2 carriles y 2 \u00d7 Ethernet Gigabit (GbE)<\/li>\n<li style=\"color: #555555; margin-bottom: 0px;\">2 \u00d7 CAN-FD, 4 \u00d7 UART, 4 \u00d7 I2C, 2 \u00d7 I2S, 2 \u00d7 SPI, 1 \u00d7 USB 2.0 OTG y 4 \u00d7 USB 2.0<\/li>\n<\/ul>\n<hr>\n<p>&nbsp;<\/p>\n","protected":false},"featured_media":8950,"comment_status":"closed","ping_status":"closed","template":"","meta":{"_uag_custom_page_level_css":""},"etheme_brands":[{"term_id":70,"name":"Embedian","slug":"embedian","term_group":0,"term_taxonomy_id":70,"taxonomy":"brand","description":"","parent":0,"count":216,"filter":"raw"},{"term_id":94,"name":"NXP","slug":"nxp","term_group":0,"term_taxonomy_id":94,"taxonomy":"brand","description":"","parent":0,"count":104,"filter":"raw"}],"product_brand":[],"product_cat":[318],"product_tag":[319],"class_list":{"0":"post-8946","1":"product","2":"type-product","3":"status-publish","4":"has-post-thumbnail","6":"brand-embedian","7":"brand-nxp","8":"product_cat-smarc","9":"product_tag-smarc","11":"first","12":"instock","13":"shipping-taxable","14":"purchasable","15":"product-type-variable","16":"has-default-attributes"},"spectra_custom_meta":{"_uagb_previous_block_counts":["a:90:{s:21:\"uagb\/advanced-heading\";i:0;s:15:\"uagb\/blockquote\";i:0;s:12:\"uagb\/buttons\";i:0;s:18:\"uagb\/buttons-child\";i:0;s:19:\"uagb\/call-to-action\";i:0;s:15:\"uagb\/cf7-styler\";i:0;s:11:\"uagb\/column\";i:0;s:12:\"uagb\/columns\";i:0;s:14:\"uagb\/container\";i:0;s:21:\"uagb\/content-timeline\";i:0;s:27:\"uagb\/content-timeline-child\";i:0;s:14:\"uagb\/countdown\";i:0;s:12:\"uagb\/counter\";i:0;s:8:\"uagb\/faq\";i:0;s:14:\"uagb\/faq-child\";i:0;s:10:\"uagb\/forms\";i:0;s:17:\"uagb\/forms-accept\";i:0;s:19:\"uagb\/forms-checkbox\";i:0;s:15:\"uagb\/forms-date\";i:0;s:16:\"uagb\/forms-email\";i:0;s:17:\"uagb\/forms-hidden\";i:0;s:15:\"uagb\/forms-name\";i:0;s:16:\"uagb\/forms-phone\";i:0;s:16:\"uagb\/forms-radio\";i:0;s:17:\"uagb\/forms-select\";i:0;s:19:\"uagb\/forms-textarea\";i:0;s:17:\"uagb\/forms-toggle\";i:0;s:14:\"uagb\/forms-url\";i:0;s:14:\"uagb\/gf-styler\";i:0;s:15:\"uagb\/google-map\";i:0;s:11:\"uagb\/how-to\";i:0;s:16:\"uagb\/how-to-step\";i:0;s:9:\"uagb\/icon\";i:0;s:14:\"uagb\/icon-list\";i:0;s:20:\"uagb\/icon-list-child\";i:0;s:10:\"uagb\/image\";i:0;s:18:\"uagb\/image-gallery\";i:0;s:13:\"uagb\/info-box\";i:0;s:18:\"uagb\/inline-notice\";i:0;s:11:\"uagb\/lottie\";i:0;s:21:\"uagb\/marketing-button\";i:0;s:10:\"uagb\/modal\";i:0;s:18:\"uagb\/popup-builder\";i:0;s:16:\"uagb\/post-button\";i:0;s:18:\"uagb\/post-carousel\";i:0;s:17:\"uagb\/post-excerpt\";i:0;s:14:\"uagb\/post-grid\";i:0;s:15:\"uagb\/post-image\";i:0;s:17:\"uagb\/post-masonry\";i:0;s:14:\"uagb\/post-meta\";i:0;s:18:\"uagb\/post-taxonomy\";i:0;s:18:\"uagb\/post-timeline\";i:0;s:15:\"uagb\/post-title\";i:0;s:20:\"uagb\/restaurant-menu\";i:0;s:26:\"uagb\/restaurant-menu-child\";i:0;s:11:\"uagb\/review\";i:0;s:12:\"uagb\/section\";i:0;s:14:\"uagb\/separator\";i:0;s:11:\"uagb\/slider\";i:0;s:17:\"uagb\/slider-child\";i:0;s:17:\"uagb\/social-share\";i:0;s:23:\"uagb\/social-share-child\";i:0;s:16:\"uagb\/star-rating\";i:0;s:23:\"uagb\/sure-cart-checkout\";i:0;s:22:\"uagb\/sure-cart-product\";i:0;s:15:\"uagb\/sure-forms\";i:0;s:22:\"uagb\/table-of-contents\";i:0;s:9:\"uagb\/tabs\";i:0;s:15:\"uagb\/tabs-child\";i:0;s:18:\"uagb\/taxonomy-list\";i:0;s:9:\"uagb\/team\";i:0;s:16:\"uagb\/testimonial\";i:0;s:14:\"uagb\/wp-search\";i:0;s:19:\"uagb\/instagram-feed\";i:0;s:10:\"uagb\/login\";i:0;s:17:\"uagb\/loop-builder\";i:0;s:18:\"uagb\/loop-category\";i:0;s:20:\"uagb\/loop-pagination\";i:0;s:15:\"uagb\/loop-reset\";i:0;s:16:\"uagb\/loop-search\";i:0;s:14:\"uagb\/loop-sort\";i:0;s:17:\"uagb\/loop-wrapper\";i:0;s:13:\"uagb\/register\";i:0;s:19:\"uagb\/register-email\";i:0;s:24:\"uagb\/register-first-name\";i:0;s:23:\"uagb\/register-last-name\";i:0;s:22:\"uagb\/register-password\";i:0;s:30:\"uagb\/register-reenter-password\";i:0;s:19:\"uagb\/register-terms\";i:0;s:22:\"uagb\/register-username\";i:0;}"],"_elementor_edit_mode":["builder"],"_elementor_template_type":["wp-post"],"_elementor_version":["3.33.6"],"_backorders":["no"],"_download_limit":["-1"],"_download_expiry":["-1"],"_downloadable":["no"],"_manage_stock":["no"],"_sku":["SMARC-iMX93-1G"],"_stock_status":["instock"],"_sold_individually":["no"],"_tax_class":[""],"_tax_status":["taxable"],"_virtual":["no"],"_weight":["20"],"_width":["50"],"_length":["82"],"_price":["100","140"],"_top_nav_excluded":[""],"_cms_nav_minihome":[""],"_wp_page_template":["default"],"_elementor_page_settings":["a:1:{s:18:\"etheme_grid_zindex\";s:4:\"1000\";}"],"_elementor_data":["[]"],"_last_translation_edit_mode":["native-editor"],"_wpml_word_count":["40"],"_edit_lock":["1770031297:1"],"_edit_last":["1"],"_product_video_gallery":[""],"_product_video_code":[""],"_product_video_autoplay":[""],"_responsive_tabs_woo_data":["a:6:{i:0;a:5:{s:5:\"title\";s:7:\"Resumen\";s:4:\"icon\";s:0:\"\";s:8:\"priority\";s:2:\"10\";s:8:\"callback\";s:0:\"\";s:7:\"content\";s:1019:\"<h2 style=\"font-family: 'Exo 2', sans-serif; padding-bottom: 20px;\">SMARC-iMX93 NXP SMARC 2.2 Sistema en M\u00f3dulo<\/h2>\r\n\r\n<hr \/>\r\n\r\n<!-- Secci\u00f3n inferior -->\r\n<div class=\"tab-bottom-section\">\r\n<ul>\r\n \t<li>CPU ARM Cortex-A55 de doble n\u00facleo, 1,7 GHz<\/li>\r\n \t<li>Unidad de procesamiento neural AI\/ML integrada<\/li>\r\n \t<li>Co-procesador en tiempo real ARM Cortex-M33<\/li>\r\n \t<li>Cumple con SMARC 2.2 (82 mm x 50 mm)<\/li>\r\n \t<li>Disponibilidad garantizada hasta 2038<\/li>\r\n<\/ul>\r\n<\/div>\r\n\r\n<hr \/>\r\n\r\n<h3 style=\"font-family: 'Exo 2', sans-serif; padding-bottom: 10px;\">Resumen<\/h3>\r\n<p>El SMARC-iMX93 es el \u00faltimo m\u00f3dulo sistema SMARC 2.2 de NXP, dise\u00f1ado para aplicaciones de computaci\u00f3n embebida e inteligencia artificial. Combina un procesador de alto rendimiento, un acelerador neural y un co-procesador en tiempo real, siendo ideal para automatizaci\u00f3n industrial, computaci\u00f3n en el borde (Edge Computing) y soluciones IoT.<\/p>\r\n\r\n<hr \/>\r\n\r\n[wptb id=8983]\r\n\r\n<hr \/>\r\n\r\n[wptb id=8990]\r\n\r\n<hr \/>\r\n\r\n[wptb id=8998]\r\n\";}i:1;a:5:{s:5:\"title\";s:16:\"Especificaciones\";s:4:\"icon\";s:0:\"\";s:8:\"priority\";s:2:\"20\";s:8:\"callback\";s:0:\"\";s:7:\"content\";s:217:\"<h2 style=\"border-bottom: 1px dotted #238c00; padding-bottom: 20px;\"><img src=\"https:\/\/www.embedian.com\/wp-content\/uploads\/2024\/11\/hardware_download.png\" alt=\"hardware document\" \/> Especificaciones<\/h2> [wptb id=7072]\";}i:2;a:5:{s:5:\"title\";s:10:\"Documentos\";s:4:\"icon\";s:0:\"\";s:8:\"priority\";s:2:\"30\";s:8:\"callback\";s:0:\"\";s:7:\"content\";s:474:\"<div class=\"tab4-flex-container\">\r\n<h2 style=\"border-bottom: 1px dotted #238c00; padding-bottom: 10px;\"><img src=\"https:\/\/www.embedian.com\/wp-content\/uploads\/2024\/11\/hardware_download.png\" alt=\"hardware document\" \/> Recursos de dise\u00f1o<\/h2>\r\n<div class=\"tab4-flex-item\">[download id=\"9000\"]<\/div>\r\n<div class=\"tab4-flex-item\">[download id=\"9003\"]<\/div>\r\n<div class=\"tab4-flex-item\">[download id=\"9187\"]<\/div>\r\n<div class=\"tab4-flex-item\">[download id=\"9190\"]<\/div>\r\n<\/div>\r\n\";}i:3;a:5:{s:5:\"title\";s:8:\"Software\";s:4:\"icon\";s:0:\"\";s:8:\"priority\";s:2:\"40\";s:8:\"callback\";s:0:\"\";s:7:\"content\";s:219:\"<h2 style=\"border-bottom: 1px dotted #238c00; padding-bottom: 20px;\"><img src=\"https:\/\/www.embedian.com\/wp-content\/uploads\/2024\/11\/hardware_download.png\" alt=\"hardware document\" \/> Gu\u00edas de software<\/h2> [wptb id=7240]\";}i:4;a:5:{s:5:\"title\";s:18:\"Kit de evaluaci\u00f3n\";s:4:\"icon\";s:0:\"\";s:8:\"priority\";s:2:\"50\";s:8:\"callback\";s:0:\"\";s:7:\"content\";s:649:\"<h2 style=\"font-family: 'Exo 2', sans-serif; padding-bottom: 20px;\">SMARC-iMX93 NXP SMARC 2.2 M\u00f3dulo del sistema<\/h2>\r\n\r\n<hr \/>\r\n\r\n<!-- Secci\u00f3n inferior -->\r\n<div class=\"tab-bottom-section\">\r\n<ul>\r\n \t<li>Compatibilidad con el m\u00f3dulo SMARC v2.0+<\/li>\r\n \t<li>Plataforma de arranque del m\u00f3dulo SMARC v2.0+ para desarrollo de hardware y software<\/li>\r\n \t<li>Plataforma de evaluaci\u00f3n y validaci\u00f3n del m\u00f3dulo SMARC 2.0+<\/li>\r\n \t<li>Referencia de dise\u00f1o para la placa portadora del cliente<\/li>\r\n \t<li>Soporte t\u00e9cnico prioritario de Embedian<\/li>\r\n<\/ul>\r\n<\/div>\r\n\r\n<hr \/>\r\n\r\n[wptb id=7076]\r\n\r\n<hr \/>\r\n\r\n[wptb id=7583]\r\n\r\n<hr \/>\r\n\r\n[wptb id=7584]\r\n\";}i:5;a:5:{s:5:\"title\";s:22:\"Informaci\u00f3n de pedido\";s:4:\"icon\";s:0:\"\";s:8:\"priority\";s:2:\"60\";s:8:\"callback\";s:0:\"\";s:7:\"content\";s:392:\"<h2 style=\"border-bottom: 1px dotted #238c00; padding-bottom: 20px;\"><img src=\"https:\/\/www.embedian.com\/wp-content\/uploads\/2024\/11\/hardware_download.png\" alt=\"hardware document\" \/> Informaci\u00f3n de pedido<\/h2>\r\n<img style=\"padding-bottom: 20px;\" src=\"https:\/\/www.embedian.com\/wp-content\/uploads\/2024\/12\/part_number_imx93.png\" alt=\"N\u00famero de pieza\" width=\"180\" \/>\r\n\r\n<hr \/>\r\n\r\n[wptb id=7588]\r\n\";}}"],"_et_quantity_type":[""],"_et_quantity_ranges":[""],"_sale_price_time_start":["Array"],"_sale_price_time_end":["Array"],"_et_gtin":[""],"_et_bought_together_ids":["a:0:{}"],"total_sales":["0"],"_stock":[null],"_wc_average_rating":[0],"_wc_review_count":["0"],"_product_version":["10.4.3"],"_et_primary_category":["smarc"],"_et_sale_counter":["disable"],"_et_single_layout":["standard"],"_et_additional_block":["800"],"_et_product_slider":["inherit"],"_et_single_thumbnail_hover":["inherit"],"_et_product_view_hover":["inherit"],"_et_product_view_color":["inherit"],"_et_product_video_thumbnail":["inherit"],"_thumbnail_id":["8950"],"_et_meta_keywords":["SMARC, i.MX93"],"_wcml_average_rating":[null],"_wcml_review_count":[null],"_wcml_rating_count":[null],"_product_attributes":["a:3:{s:9:\"pa_memory\";a:6:{s:4:\"name\";s:9:\"pa_memory\";s:5:\"value\";s:0:\"\";s:8:\"position\";i:0;s:10:\"is_visible\";i:1;s:12:\"is_variation\";i:1;s:11:\"is_taxonomy\";i:1;}s:14:\"pa_temperature\";a:6:{s:4:\"name\";s:14:\"pa_temperature\";s:5:\"value\";s:0:\"\";s:8:\"position\";i:1;s:10:\"is_visible\";i:1;s:12:\"is_variation\";i:1;s:11:\"is_taxonomy\";i:1;}s:7:\"pa_wifi\";a:6:{s:4:\"name\";s:7:\"pa_wifi\";s:5:\"value\";s:0:\"\";s:8:\"position\";i:2;s:10:\"is_visible\";i:1;s:12:\"is_variation\";i:1;s:11:\"is_taxonomy\";i:1;}}"],"_default_attributes":["a:3:{s:9:\"pa_memory\";s:3:\"1gb\";s:14:\"pa_temperature\";s:10:\"commercial\";s:7:\"pa_wifi\";s:2:\"no\";}"],"_uag_css_file_name":["uag-css-8946.css"],"_uag_page_assets":["a:9:{s:3:\"css\";s:263:\".uag-blocks-common-selector{z-index:var(--z-index-desktop) !important}@media (max-width: 976px){.uag-blocks-common-selector{z-index:var(--z-index-tablet) !important}}@media (max-width: 767px){.uag-blocks-common-selector{z-index:var(--z-index-mobile) !important}}\n\";s:2:\"js\";s:0:\"\";s:18:\"current_block_list\";a:7:{i:0;s:11:\"core\/search\";i:1;s:10:\"core\/group\";i:2;s:12:\"core\/heading\";i:3;s:17:\"core\/latest-posts\";i:4;s:20:\"core\/latest-comments\";i:5;s:13:\"core\/archives\";i:6;s:15:\"core\/categories\";}s:8:\"uag_flag\";b:0;s:11:\"uag_version\";s:10:\"1775371189\";s:6:\"gfonts\";a:0:{}s:10:\"gfonts_url\";s:0:\"\";s:12:\"gfonts_files\";a:0:{}s:14:\"uag_faq_layout\";b:0;}"],"_wc_rating_count":[""]},"uagb_featured_image_src":{"full":["https:\/\/www.embedian.com\/wp-content\/uploads\/2024\/10\/smarc-imx93-3.webp",740,740,false],"thumbnail":["https:\/\/www.embedian.com\/wp-content\/uploads\/2024\/10\/smarc-imx93-3-150x150.webp",150,150,true],"medium":["https:\/\/www.embedian.com\/wp-content\/uploads\/2024\/10\/smarc-imx93-3-300x300.webp",300,300,true],"medium_large":["https:\/\/www.embedian.com\/wp-content\/uploads\/2024\/10\/smarc-imx93-3.webp",740,740,false],"large":["https:\/\/www.embedian.com\/wp-content\/uploads\/2024\/10\/smarc-imx93-3.webp",740,740,false],"ht-kb-thumb":["https:\/\/www.embedian.com\/wp-content\/uploads\/2024\/10\/smarc-imx93-3.webp",50,50,false],"1536x1536":["https:\/\/www.embedian.com\/wp-content\/uploads\/2024\/10\/smarc-imx93-3.webp",740,740,false],"2048x2048":["https:\/\/www.embedian.com\/wp-content\/uploads\/2024\/10\/smarc-imx93-3.webp",740,740,false],"mailpoet_newsletter_max":["https:\/\/www.embedian.com\/wp-content\/uploads\/2024\/10\/smarc-imx93-3.webp",740,740,false],"woocommerce_thumbnail":["https:\/\/www.embedian.com\/wp-content\/uploads\/2024\/10\/smarc-imx93-3-300x300.webp",300,300,true],"woocommerce_single":["https:\/\/www.embedian.com\/wp-content\/uploads\/2024\/10\/smarc-imx93-3-600x600.webp",600,600,true],"woocommerce_gallery_thumbnail":["https:\/\/www.embedian.com\/wp-content\/uploads\/2024\/10\/smarc-imx93-3-100x100.webp",100,100,true],"variation_swatches_image_size":["https:\/\/www.embedian.com\/wp-content\/uploads\/2024\/10\/smarc-imx93-3-50x50.webp",50,50,true],"variation_swatches_tooltip_size":["https:\/\/www.embedian.com\/wp-content\/uploads\/2024\/10\/smarc-imx93-3-100x100.webp",100,100,true],"etheme-woocommerce-nimi":["https:\/\/www.embedian.com\/wp-content\/uploads\/2024\/10\/smarc-imx93-3-1x1.png",1,1,true],"etheme-nimi":["https:\/\/www.embedian.com\/wp-content\/uploads\/2024\/10\/smarc-imx93-3-10x10.webp",10,10,true]},"uagb_author_info":{"display_name":"admin","author_link":"https:\/\/www.embedian.com\/es\/blog\/author\/"},"uagb_comment_info":0,"uagb_excerpt":"NXP i.MX93, 2 \u00d7 Cortex-A55 @ 1,7 GHz 1 GB \/ 2 GB LPDDR4, 16 GB eMMC Unidad de procesamiento neuronal IA \/ ML (NPU) LVDS, MIPI-DSI, 1 \u00d7 MIPI-CSI de 2 carriles y 2 \u00d7 Ethernet Gigabit (GbE) 2 \u00d7 CAN-FD, 4 \u00d7 UART, 4 \u00d7 I2C, 2 \u00d7 I2S, 2 \u00d7 SPI, 1&hellip;","_links":{"self":[{"href":"https:\/\/www.embedian.com\/es\/wp-json\/wp\/v2\/product\/8946","targetHints":{"allow":["GET"]}}],"collection":[{"href":"https:\/\/www.embedian.com\/es\/wp-json\/wp\/v2\/product"}],"about":[{"href":"https:\/\/www.embedian.com\/es\/wp-json\/wp\/v2\/types\/product"}],"replies":[{"embeddable":true,"href":"https:\/\/www.embedian.com\/es\/wp-json\/wp\/v2\/comments?post=8946"}],"version-history":[{"count":1,"href":"https:\/\/www.embedian.com\/es\/wp-json\/wp\/v2\/product\/8946\/revisions"}],"predecessor-version":[{"id":8961,"href":"https:\/\/www.embedian.com\/es\/wp-json\/wp\/v2\/product\/8946\/revisions\/8961"}],"wp:featuredmedia":[{"embeddable":true,"href":"https:\/\/www.embedian.com\/es\/wp-json\/wp\/v2\/media\/8950"}],"wp:attachment":[{"href":"https:\/\/www.embedian.com\/es\/wp-json\/wp\/v2\/media?parent=8946"}],"wp:term":[{"taxonomy":"brand","embeddable":true,"href":"https:\/\/www.embedian.com\/es\/wp-json\/wp\/v2\/etheme_brands?post=8946"},{"taxonomy":"product_brand","embeddable":true,"href":"https:\/\/www.embedian.com\/es\/wp-json\/wp\/v2\/product_brand?post=8946"},{"taxonomy":"product_cat","embeddable":true,"href":"https:\/\/www.embedian.com\/es\/wp-json\/wp\/v2\/product_cat?post=8946"},{"taxonomy":"product_tag","embeddable":true,"href":"https:\/\/www.embedian.com\/es\/wp-json\/wp\/v2\/product_tag?post=8946"}],"curies":[{"name":"wp","href":"https:\/\/api.w.org\/{rel}","templated":true}]}}