{"id":9422,"date":"2025-12-30T04:23:44","date_gmt":"2025-12-30T04:23:44","guid":{"rendered":"http:\/\/59.124.115.49\/product\/osm-mp255-sf\/"},"modified":"2026-02-03T06:47:10","modified_gmt":"2026-02-03T06:47:10","slug":"osm-mp255-sf","status":"publish","type":"product","link":"https:\/\/www.embedian.com\/es\/product\/osm-mp255-sf\/","title":{"rendered":"OSM-MP255-SF"},"content":{"rendered":"","protected":false},"excerpt":{"rendered":"<hr>\n<ul>\n<li style=\"color: #555555; margin-bottom: 0px;\"><span style=\"color: #000000;\">ST STM32MP255C 2 x Cortex-A35 a 1,2 GHz<\/span><\/li>\n<li style=\"color: #555555; margin-bottom: 0px;\"><span style=\"color: #000000;\">Coprocesador ARM Cortex-M33 en tiempo real, 400 MHz<\/li>\n<li style=\"color: #555555; margin-bottom: 0px;\"><span style=\"color: #000000;\">GPU 3D (VeriSilicon) de hasta 800 MHz<\/li>\n<li style=\"color: #555555; margin-bottom: 0px;\"><span style=\"color: #000000;\">1 GB\/2 GB LPDDR4, 16 GB eMMC<\/span><\/li>\n<li style=\"color: #555555; margin-bottom: 0px;\"><span style=\"color: #000000;\">Unidad de procesamiento neuronal (NPU) AI\/ML de hasta 1,35 TOPS<\/span><\/li>\n<li style=\"color: #555555; margin-bottom: 0px;\"><span style=\"color: #000000;\">1 x MIPI-DSI de 4 L\u00cdNEAS hasta 2048&#215;1538 a 60 Hz, 2 x GBE y 2 x MIPI-CSI de 2 L\u00cdNEAS<\/span><\/li>\n<li style=\"color: #555555; margin-bottom: 0px;\"><span style=\"color: #000000;\">1 x USB 3.0 o 1 x PCIe 2.0, 1 x USB 2.0 OTG y 1 x USB 2.0 host, 24 GPIO adicionales<\/span><\/li>\n<li style=\"color: #555555; margin-bottom: 0px;\"><span style=\"color: #000000;\">2 x CAN-FD, 1 x SDIO, 5 x UART, 3 x I2C, 2 x I2S, 2 x SPI, 4 x PWM, 2 x ADC<\/span><\/li>\n<\/ul>\n<hr>\n<p>&nbsp;<\/p>\n","protected":false},"featured_media":9357,"comment_status":"closed","ping_status":"closed","template":"","meta":{"_uag_custom_page_level_css":""},"etheme_brands":[{"term_id":70,"name":"Embedian","slug":"embedian","term_group":0,"term_taxonomy_id":70,"taxonomy":"brand","description":"","parent":0,"count":216,"filter":"raw"},{"term_id":221,"name":"ST","slug":"st","term_group":0,"term_taxonomy_id":221,"taxonomy":"brand","description":"","parent":0,"count":32,"filter":"raw"}],"product_brand":[],"product_cat":[406],"product_tag":[407],"class_list":{"0":"post-9422","1":"product","2":"type-product","3":"status-publish","4":"has-post-thumbnail","6":"brand-embedian","7":"brand-st","8":"product_cat-osm","9":"product_tag-osm","11":"first","12":"instock","13":"shipping-taxable","14":"purchasable","15":"product-type-variable","16":"has-default-attributes"},"spectra_custom_meta":{"_uagb_previous_block_counts":["a:90:{s:21:\"uagb\/advanced-heading\";i:0;s:15:\"uagb\/blockquote\";i:0;s:12:\"uagb\/buttons\";i:0;s:18:\"uagb\/buttons-child\";i:0;s:19:\"uagb\/call-to-action\";i:0;s:15:\"uagb\/cf7-styler\";i:0;s:11:\"uagb\/column\";i:0;s:12:\"uagb\/columns\";i:0;s:14:\"uagb\/container\";i:0;s:21:\"uagb\/content-timeline\";i:0;s:27:\"uagb\/content-timeline-child\";i:0;s:14:\"uagb\/countdown\";i:0;s:12:\"uagb\/counter\";i:0;s:8:\"uagb\/faq\";i:0;s:14:\"uagb\/faq-child\";i:0;s:10:\"uagb\/forms\";i:0;s:17:\"uagb\/forms-accept\";i:0;s:19:\"uagb\/forms-checkbox\";i:0;s:15:\"uagb\/forms-date\";i:0;s:16:\"uagb\/forms-email\";i:0;s:17:\"uagb\/forms-hidden\";i:0;s:15:\"uagb\/forms-name\";i:0;s:16:\"uagb\/forms-phone\";i:0;s:16:\"uagb\/forms-radio\";i:0;s:17:\"uagb\/forms-select\";i:0;s:19:\"uagb\/forms-textarea\";i:0;s:17:\"uagb\/forms-toggle\";i:0;s:14:\"uagb\/forms-url\";i:0;s:14:\"uagb\/gf-styler\";i:0;s:15:\"uagb\/google-map\";i:0;s:11:\"uagb\/how-to\";i:0;s:16:\"uagb\/how-to-step\";i:0;s:9:\"uagb\/icon\";i:0;s:14:\"uagb\/icon-list\";i:0;s:20:\"uagb\/icon-list-child\";i:0;s:10:\"uagb\/image\";i:0;s:18:\"uagb\/image-gallery\";i:0;s:13:\"uagb\/info-box\";i:0;s:18:\"uagb\/inline-notice\";i:0;s:11:\"uagb\/lottie\";i:0;s:21:\"uagb\/marketing-button\";i:0;s:10:\"uagb\/modal\";i:0;s:18:\"uagb\/popup-builder\";i:0;s:16:\"uagb\/post-button\";i:0;s:18:\"uagb\/post-carousel\";i:0;s:17:\"uagb\/post-excerpt\";i:0;s:14:\"uagb\/post-grid\";i:0;s:15:\"uagb\/post-image\";i:0;s:17:\"uagb\/post-masonry\";i:0;s:14:\"uagb\/post-meta\";i:0;s:18:\"uagb\/post-taxonomy\";i:0;s:18:\"uagb\/post-timeline\";i:0;s:15:\"uagb\/post-title\";i:0;s:20:\"uagb\/restaurant-menu\";i:0;s:26:\"uagb\/restaurant-menu-child\";i:0;s:11:\"uagb\/review\";i:0;s:12:\"uagb\/section\";i:0;s:14:\"uagb\/separator\";i:0;s:11:\"uagb\/slider\";i:0;s:17:\"uagb\/slider-child\";i:0;s:17:\"uagb\/social-share\";i:0;s:23:\"uagb\/social-share-child\";i:0;s:16:\"uagb\/star-rating\";i:0;s:23:\"uagb\/sure-cart-checkout\";i:0;s:22:\"uagb\/sure-cart-product\";i:0;s:15:\"uagb\/sure-forms\";i:0;s:22:\"uagb\/table-of-contents\";i:0;s:9:\"uagb\/tabs\";i:0;s:15:\"uagb\/tabs-child\";i:0;s:18:\"uagb\/taxonomy-list\";i:0;s:9:\"uagb\/team\";i:0;s:16:\"uagb\/testimonial\";i:0;s:14:\"uagb\/wp-search\";i:0;s:19:\"uagb\/instagram-feed\";i:0;s:10:\"uagb\/login\";i:0;s:17:\"uagb\/loop-builder\";i:0;s:18:\"uagb\/loop-category\";i:0;s:20:\"uagb\/loop-pagination\";i:0;s:15:\"uagb\/loop-reset\";i:0;s:16:\"uagb\/loop-search\";i:0;s:14:\"uagb\/loop-sort\";i:0;s:17:\"uagb\/loop-wrapper\";i:0;s:13:\"uagb\/register\";i:0;s:19:\"uagb\/register-email\";i:0;s:24:\"uagb\/register-first-name\";i:0;s:23:\"uagb\/register-last-name\";i:0;s:22:\"uagb\/register-password\";i:0;s:30:\"uagb\/register-reenter-password\";i:0;s:19:\"uagb\/register-terms\";i:0;s:22:\"uagb\/register-username\";i:0;}"],"_elementor_edit_mode":["builder"],"_elementor_template_type":["wp-post"],"_elementor_version":["3.25.10"],"_backorders":["no"],"_download_limit":["-1"],"_download_expiry":["-1"],"_downloadable":["no"],"_manage_stock":["no"],"_sku":["OSM-MP255-1G-I"],"_stock_status":["instock"],"_sold_individually":["no"],"_tax_class":[""],"_tax_status":["taxable"],"_virtual":["no"],"_weight":["15"],"_width":["30"],"_length":["30"],"_price":["80","90","100"],"_top_nav_excluded":[""],"_cms_nav_minihome":[""],"_wp_page_template":["default"],"_elementor_page_settings":["a:1:{s:18:\"etheme_grid_zindex\";s:4:\"1000\";}"],"_elementor_data":["[]"],"_last_translation_edit_mode":["native-editor"],"_wpml_word_count":["62"],"_thumbnail_id":["9357"],"_edit_lock":["1770218439:1"],"_edit_last":["1"],"_product_video_gallery":[""],"_product_video_code":[""],"_product_video_autoplay":[""],"_responsive_tabs_woo_data":["a:5:{i:0;a:5:{s:5:\"title\";s:20:\"Descripci\u00f3n general\";s:4:\"icon\";s:0:\"\";s:8:\"priority\";s:2:\"10\";s:8:\"callback\";s:0:\"\";s:7:\"content\";s:671:\"<h2 style=\"font-family: 'Exo 2', sans-serif; padding-bottom: 20px;\">OSM-MP255-SF NXP OSM 1.1 \u2013 System-on-Module<\/h2>\r\n\r\n<hr \/>\r\n\r\n<!-- Bottom Section -->\r\n<div class=\"tab-bottom-section\">\r\n<ul>\r\n \t<li>CPU ARM Cortex-A35 de doble n\u00facleo, 1,2 GHz<\/li>\r\n \t<li>Unidad de procesamiento neuronal (NPU) IA\/ML integrada hasta 1,35 TOPS<\/li>\r\n \t<li>GPU 3D (VeriSilicon) hasta 800 MHz<\/li>\r\n \t<li>Coprocesador ARM Cortex-M33 en tiempo real, 400 MHz<\/li>\r\n \t<li>Cumple con el est\u00e1ndar OSM 1.1 tama\u00f1o S (30 mm \u00d7 30 mm)<\/li>\r\n \t<li>Disponibilidad garantizada hasta 2038<\/li>\r\n<\/ul>\r\n<\/div>\r\n\r\n<hr \/>\r\n\r\n[wptb id=11638]\r\n\r\n<hr \/>\r\n\r\n[wptb id=10337]\r\n\r\n<hr \/>\r\n\r\n[wptb id=11568]\r\n\";}i:1;a:5:{s:5:\"title\";s:16:\"Especificaciones\";s:4:\"icon\";s:0:\"\";s:8:\"priority\";s:2:\"20\";s:8:\"callback\";s:0:\"\";s:7:\"content\";s:227:\"<h2 style=\"border-bottom: 1px dotted #238c00; padding-bottom: 20px;\">\r\n<img src=\"https:\/\/www.embedian.com\/wp-content\/uploads\/2024\/11\/hardware_download.png\" alt=\"hardware document\" \/>\r\nEspecificaciones\r\n<\/h2>\r\n\r\n[wptb id=7280]\r\n\";}i:2;a:5:{s:5:\"title\";s:8:\"Software\";s:4:\"icon\";s:0:\"\";s:8:\"priority\";s:2:\"40\";s:8:\"callback\";s:0:\"\";s:7:\"content\";s:235:\"&nbsp;\r\n<h2 style=\"border-bottom: 1px dotted #238c00; padding-bottom: 20px;\">\r\n<img src=\"https:\/\/www.embedian.com\/wp-content\/uploads\/2024\/11\/hardware_download.png\" alt=\"hardware document\" \/>\r\nGu\u00edas de software\r\n<\/h2>\r\n[wptb id=7282]\r\n\";}i:3;a:5:{s:5:\"title\";s:18:\"Kit de evaluaci\u00f3n\";s:4:\"icon\";s:0:\"\";s:8:\"priority\";s:2:\"50\";s:8:\"callback\";s:0:\"\";s:7:\"content\";s:0:\"\";}i:4;a:5:{s:5:\"title\";s:23:\"Informaci\u00f3n de pedidos\";s:4:\"icon\";s:0:\"\";s:8:\"priority\";s:2:\"60\";s:8:\"callback\";s:0:\"\";s:7:\"content\";s:0:\"\";}}"],"_et_quantity_type":[""],"_et_quantity_ranges":[""],"_sale_price_time_start":[""],"_sale_price_time_end":[""],"_et_gtin":[""],"_et_bought_together_ids":["a:0:{}"],"total_sales":["0"],"_stock":[null],"_wc_average_rating":[0],"_wc_review_count":["0"],"_product_version":["10.4.3"],"_et_primary_category":["auto"],"_et_sale_counter":["disable"],"_et_single_layout":["standard"],"_et_additional_block":["0"],"_et_product_slider":["inherit"],"_et_single_thumbnail_hover":["inherit"],"_et_product_view_hover":["inherit"],"_et_product_view_color":["inherit"],"_et_product_video_thumbnail":["inherit"],"_wcml_average_rating":[null],"_wcml_review_count":[null],"_wcml_rating_count":[null],"_product_attributes":["a:2:{s:9:\"pa_memory\";a:6:{s:4:\"name\";s:9:\"pa_memory\";s:5:\"value\";s:0:\"\";s:8:\"position\";i:0;s:10:\"is_visible\";i:1;s:12:\"is_variation\";i:1;s:11:\"is_taxonomy\";i:1;}s:14:\"pa_temperature\";a:6:{s:4:\"name\";s:14:\"pa_temperature\";s:5:\"value\";s:0:\"\";s:8:\"position\";i:1;s:10:\"is_visible\";i:1;s:12:\"is_variation\";i:1;s:11:\"is_taxonomy\";i:1;}}"],"_default_attributes":["a:2:{s:9:\"pa_memory\";s:3:\"1gb\";s:14:\"pa_temperature\";s:10:\"commercial\";}"],"_uag_css_file_name":["uag-css-9422.css"],"_uag_page_assets":["a:9:{s:3:\"css\";s:263:\".uag-blocks-common-selector{z-index:var(--z-index-desktop) !important}@media (max-width: 976px){.uag-blocks-common-selector{z-index:var(--z-index-tablet) !important}}@media (max-width: 767px){.uag-blocks-common-selector{z-index:var(--z-index-mobile) !important}}\n\";s:2:\"js\";s:0:\"\";s:18:\"current_block_list\";a:7:{i:0;s:11:\"core\/search\";i:1;s:10:\"core\/group\";i:2;s:12:\"core\/heading\";i:3;s:17:\"core\/latest-posts\";i:4;s:20:\"core\/latest-comments\";i:5;s:13:\"core\/archives\";i:6;s:15:\"core\/categories\";}s:8:\"uag_flag\";b:0;s:11:\"uag_version\";s:10:\"1775370200\";s:6:\"gfonts\";a:0:{}s:10:\"gfonts_url\";s:0:\"\";s:12:\"gfonts_files\";a:0:{}s:14:\"uag_faq_layout\";b:0;}"],"_wc_rating_count":[""]},"uagb_featured_image_src":{"full":["https:\/\/www.embedian.com\/wp-content\/uploads\/2025\/12\/mp255_med.webp",740,740,false],"thumbnail":["https:\/\/www.embedian.com\/wp-content\/uploads\/2025\/12\/mp255_med-150x150.webp",150,150,true],"medium":["https:\/\/www.embedian.com\/wp-content\/uploads\/2025\/12\/mp255_med-300x300.webp",300,300,true],"medium_large":["https:\/\/www.embedian.com\/wp-content\/uploads\/2025\/12\/mp255_med.webp",740,740,false],"large":["https:\/\/www.embedian.com\/wp-content\/uploads\/2025\/12\/mp255_med.webp",740,740,false],"ht-kb-thumb":["https:\/\/www.embedian.com\/wp-content\/uploads\/2025\/12\/mp255_med-50x50.webp",50,50,true],"1536x1536":["https:\/\/www.embedian.com\/wp-content\/uploads\/2025\/12\/mp255_med.webp",740,740,false],"2048x2048":["https:\/\/www.embedian.com\/wp-content\/uploads\/2025\/12\/mp255_med.webp",740,740,false],"mailpoet_newsletter_max":["https:\/\/www.embedian.com\/wp-content\/uploads\/2025\/12\/mp255_med.webp",740,740,false],"woocommerce_thumbnail":["https:\/\/www.embedian.com\/wp-content\/uploads\/2025\/12\/mp255_med-300x300.webp",300,300,true],"woocommerce_single":["https:\/\/www.embedian.com\/wp-content\/uploads\/2025\/12\/mp255_med-600x600.webp",600,600,true],"woocommerce_gallery_thumbnail":["https:\/\/www.embedian.com\/wp-content\/uploads\/2025\/12\/mp255_med-100x100.webp",100,100,true],"variation_swatches_image_size":["https:\/\/www.embedian.com\/wp-content\/uploads\/2025\/12\/mp255_med-50x50.webp",50,50,true],"variation_swatches_tooltip_size":["https:\/\/www.embedian.com\/wp-content\/uploads\/2025\/12\/mp255_med-100x100.webp",100,100,true],"etheme-woocommerce-nimi":["https:\/\/www.embedian.com\/wp-content\/uploads\/2025\/12\/mp255_med-1x1.png",1,1,true],"etheme-nimi":["https:\/\/www.embedian.com\/wp-content\/uploads\/2025\/12\/mp255_med-10x10.webp",10,10,true]},"uagb_author_info":{"display_name":"admin","author_link":"https:\/\/www.embedian.com\/es\/blog\/author\/"},"uagb_comment_info":0,"uagb_excerpt":"ST STM32MP255C 2 x Cortex-A35 a 1,2 GHz Coprocesador ARM Cortex-M33 en tiempo real, 400 MHz GPU 3D (VeriSilicon) de hasta 800 MHz 1 GB\/2 GB LPDDR4, 16 GB eMMC Unidad de procesamiento neuronal (NPU) AI\/ML de hasta 1,35 TOPS 1 x MIPI-DSI de 4 L\u00cdNEAS hasta 2048x1538 a 60 Hz, 2 x GBE y&hellip;","_links":{"self":[{"href":"https:\/\/www.embedian.com\/es\/wp-json\/wp\/v2\/product\/9422","targetHints":{"allow":["GET"]}}],"collection":[{"href":"https:\/\/www.embedian.com\/es\/wp-json\/wp\/v2\/product"}],"about":[{"href":"https:\/\/www.embedian.com\/es\/wp-json\/wp\/v2\/types\/product"}],"replies":[{"embeddable":true,"href":"https:\/\/www.embedian.com\/es\/wp-json\/wp\/v2\/comments?post=9422"}],"version-history":[{"count":1,"href":"https:\/\/www.embedian.com\/es\/wp-json\/wp\/v2\/product\/9422\/revisions"}],"predecessor-version":[{"id":9427,"href":"https:\/\/www.embedian.com\/es\/wp-json\/wp\/v2\/product\/9422\/revisions\/9427"}],"wp:featuredmedia":[{"embeddable":true,"href":"https:\/\/www.embedian.com\/es\/wp-json\/wp\/v2\/media\/9357"}],"wp:attachment":[{"href":"https:\/\/www.embedian.com\/es\/wp-json\/wp\/v2\/media?parent=9422"}],"wp:term":[{"taxonomy":"brand","embeddable":true,"href":"https:\/\/www.embedian.com\/es\/wp-json\/wp\/v2\/etheme_brands?post=9422"},{"taxonomy":"product_brand","embeddable":true,"href":"https:\/\/www.embedian.com\/es\/wp-json\/wp\/v2\/product_brand?post=9422"},{"taxonomy":"product_cat","embeddable":true,"href":"https:\/\/www.embedian.com\/es\/wp-json\/wp\/v2\/product_cat?post=9422"},{"taxonomy":"product_tag","embeddable":true,"href":"https:\/\/www.embedian.com\/es\/wp-json\/wp\/v2\/product_tag?post=9422"}],"curies":[{"name":"wp","href":"https:\/\/api.w.org\/{rel}","templated":true}]}}