{"id":9782,"date":"2024-12-13T04:13:23","date_gmt":"2024-12-13T04:13:23","guid":{"rendered":"http:\/\/59.124.115.49\/product\/pitx-mx8m-plus\/"},"modified":"2026-02-03T09:15:15","modified_gmt":"2026-02-03T09:15:15","slug":"pitx-mx8m-plus","status":"publish","type":"product","link":"https:\/\/www.embedian.com\/es\/product\/pitx-mx8m-plus\/","title":{"rendered":"pITX-MX8M-PLUS"},"content":{"rendered":"","protected":false},"excerpt":{"rendered":"<hr>\n<ul>\n<li style=\"color: #555555; margin-bottom: 0px;\">NXP i.MX8M PLUS 4 x Cortex-A53 a 1,8 GHz<\/li>\n<li style=\"color: #555555; margin-bottom: 0px;\">2 GB\/4 GB\/6 GB LPDDR4, 16 GB eMMC<\/li>\n<li style=\"color: #555555; margin-bottom: 0px;\">Unidad de procesamiento neuronal AI\/ML<\/li>\n<li style=\"color: #555555; margin-bottom: 0px;\">HDMI, LVDS, MIPI-DSI, 2 x USB 3.0, 1 x USB 2.0 OTG, 2 x LAN GBE, M.2 y mPCIe<\/li>\n<li style=\"color: #555555; margin-bottom: 0px;\">Conector de expansi\u00f3n de 2,0 mm 50P (1 x USB 3.1 Host, 3 x USB 2.0 Host, 2 x CAN-FD, 1 x SPI, 2 x I2C, 4 x UART y 6 x GPIO)<\/li>\n<\/ul>\n<hr>\n<p>&nbsp;<\/p>\n","protected":false},"featured_media":9783,"comment_status":"closed","ping_status":"closed","template":"","meta":{"_uag_custom_page_level_css":""},"etheme_brands":[{"term_id":70,"name":"Embedian","slug":"embedian","term_group":0,"term_taxonomy_id":70,"taxonomy":"brand","description":"","parent":0,"count":216,"filter":"raw"},{"term_id":94,"name":"NXP","slug":"nxp","term_group":0,"term_taxonomy_id":94,"taxonomy":"brand","description":"","parent":0,"count":104,"filter":"raw"}],"product_brand":[],"product_cat":[465],"product_tag":[466],"class_list":{"0":"post-9782","1":"product","2":"type-product","3":"status-publish","4":"has-post-thumbnail","6":"brand-embedian","7":"brand-nxp","8":"product_cat-pico-itx","9":"product_tag-pico-itx","11":"first","12":"instock","13":"shipping-taxable","14":"purchasable","15":"product-type-variable","16":"has-default-attributes"},"spectra_custom_meta":{"_uagb_previous_block_counts":["a:90:{s:21:\"uagb\/advanced-heading\";i:0;s:15:\"uagb\/blockquote\";i:0;s:12:\"uagb\/buttons\";i:0;s:18:\"uagb\/buttons-child\";i:0;s:19:\"uagb\/call-to-action\";i:0;s:15:\"uagb\/cf7-styler\";i:0;s:11:\"uagb\/column\";i:0;s:12:\"uagb\/columns\";i:0;s:14:\"uagb\/container\";i:0;s:21:\"uagb\/content-timeline\";i:0;s:27:\"uagb\/content-timeline-child\";i:0;s:14:\"uagb\/countdown\";i:0;s:12:\"uagb\/counter\";i:0;s:8:\"uagb\/faq\";i:0;s:14:\"uagb\/faq-child\";i:0;s:10:\"uagb\/forms\";i:0;s:17:\"uagb\/forms-accept\";i:0;s:19:\"uagb\/forms-checkbox\";i:0;s:15:\"uagb\/forms-date\";i:0;s:16:\"uagb\/forms-email\";i:0;s:17:\"uagb\/forms-hidden\";i:0;s:15:\"uagb\/forms-name\";i:0;s:16:\"uagb\/forms-phone\";i:0;s:16:\"uagb\/forms-radio\";i:0;s:17:\"uagb\/forms-select\";i:0;s:19:\"uagb\/forms-textarea\";i:0;s:17:\"uagb\/forms-toggle\";i:0;s:14:\"uagb\/forms-url\";i:0;s:14:\"uagb\/gf-styler\";i:0;s:15:\"uagb\/google-map\";i:0;s:11:\"uagb\/how-to\";i:0;s:16:\"uagb\/how-to-step\";i:0;s:9:\"uagb\/icon\";i:0;s:14:\"uagb\/icon-list\";i:0;s:20:\"uagb\/icon-list-child\";i:0;s:10:\"uagb\/image\";i:0;s:18:\"uagb\/image-gallery\";i:0;s:13:\"uagb\/info-box\";i:0;s:18:\"uagb\/inline-notice\";i:0;s:11:\"uagb\/lottie\";i:0;s:21:\"uagb\/marketing-button\";i:0;s:10:\"uagb\/modal\";i:0;s:18:\"uagb\/popup-builder\";i:0;s:16:\"uagb\/post-button\";i:0;s:18:\"uagb\/post-carousel\";i:0;s:17:\"uagb\/post-excerpt\";i:0;s:14:\"uagb\/post-grid\";i:0;s:15:\"uagb\/post-image\";i:0;s:17:\"uagb\/post-masonry\";i:0;s:14:\"uagb\/post-meta\";i:0;s:18:\"uagb\/post-taxonomy\";i:0;s:18:\"uagb\/post-timeline\";i:0;s:15:\"uagb\/post-title\";i:0;s:20:\"uagb\/restaurant-menu\";i:0;s:26:\"uagb\/restaurant-menu-child\";i:0;s:11:\"uagb\/review\";i:0;s:12:\"uagb\/section\";i:0;s:14:\"uagb\/separator\";i:0;s:11:\"uagb\/slider\";i:0;s:17:\"uagb\/slider-child\";i:0;s:17:\"uagb\/social-share\";i:0;s:23:\"uagb\/social-share-child\";i:0;s:16:\"uagb\/star-rating\";i:0;s:23:\"uagb\/sure-cart-checkout\";i:0;s:22:\"uagb\/sure-cart-product\";i:0;s:15:\"uagb\/sure-forms\";i:0;s:22:\"uagb\/table-of-contents\";i:0;s:9:\"uagb\/tabs\";i:0;s:15:\"uagb\/tabs-child\";i:0;s:18:\"uagb\/taxonomy-list\";i:0;s:9:\"uagb\/team\";i:0;s:16:\"uagb\/testimonial\";i:0;s:14:\"uagb\/wp-search\";i:0;s:19:\"uagb\/instagram-feed\";i:0;s:10:\"uagb\/login\";i:0;s:17:\"uagb\/loop-builder\";i:0;s:18:\"uagb\/loop-category\";i:0;s:20:\"uagb\/loop-pagination\";i:0;s:15:\"uagb\/loop-reset\";i:0;s:16:\"uagb\/loop-search\";i:0;s:14:\"uagb\/loop-sort\";i:0;s:17:\"uagb\/loop-wrapper\";i:0;s:13:\"uagb\/register\";i:0;s:19:\"uagb\/register-email\";i:0;s:24:\"uagb\/register-first-name\";i:0;s:23:\"uagb\/register-last-name\";i:0;s:22:\"uagb\/register-password\";i:0;s:30:\"uagb\/register-reenter-password\";i:0;s:19:\"uagb\/register-terms\";i:0;s:22:\"uagb\/register-username\";i:0;}"],"_elementor_edit_mode":["builder"],"_elementor_template_type":["wp-post"],"_elementor_version":["3.33.6"],"_backorders":["no"],"_download_limit":["-1"],"_download_expiry":["-1"],"_downloadable":["no"],"_manage_stock":["no"],"_sku":["pITX-MX8M-PLUS"],"_stock_status":["instock"],"_sold_individually":["no"],"_tax_class":[""],"_tax_status":["taxable"],"_virtual":["no"],"_weight":["20"],"_width":["100"],"_length":["72"],"_price":["220","240","260","280","300"],"_top_nav_excluded":[""],"_cms_nav_minihome":[""],"_wp_page_template":["default"],"_elementor_page_settings":["a:1:{s:18:\"etheme_grid_zindex\";s:4:\"1000\";}"],"_elementor_data":["[]"],"_last_translation_edit_mode":["native-editor"],"_wpml_word_count":["45"],"_thumbnail_id":["9783"],"_et_custom_tab1_title":["test1"],"_et_custom_tab1":["yeyeeyeyeyyery"],"_et_primary_category":["pico-itx"],"_et_sale_counter":["disable"],"_et_single_layout":["standard"],"_et_additional_block":["605"],"_et_product_slider":["inherit"],"_et_single_thumbnail_hover":["inherit"],"_et_product_view_hover":["inherit"],"_et_product_view_color":["inherit"],"_et_product_video_thumbnail":["inherit"],"_et_meta_description":["pico-ITX, SBC, i.MX8M Plus"],"_edit_lock":["1770221586:1"],"_edit_last":["1"],"_product_video_gallery":[""],"_product_video_code":[""],"_product_video_autoplay":[""],"_responsive_tabs_woo_data":["a:6:{i:0;a:5:{s:5:\"title\";s:20:\"Descripci\u00f3n general\";s:4:\"icon\";s:0:\"\";s:8:\"priority\";s:2:\"10\";s:8:\"callback\";s:0:\"\";s:7:\"content\";s:608:\"<h2 style=\"font-family: 'Exo 2', sans-serif; padding-bottom: 20px;\">pITX-MX8M-PLUS NXP pico-ITX SBC<\/h2>\r\n\r\n<hr \/>\r\n\r\n<!-- Bottom Section -->\r\n<div class=\"tab-bottom-section\">\r\n<ul>\r\n \t<li>Quad\/Dual-core ARM Cortex-A53, 1,8 GHz<\/li>\r\n \t<li>Unidad de procesamiento neuronal AI\/ML integrada 2,3 TOPS<\/li>\r\n \t<li>Coprocesador ARM Cortex-M7 en tiempo real, 800 MHz<\/li>\r\n \t<li>Factor de forma pico-ITX (100mm \u00d7 72mm) y soluci\u00f3n de refrigeraci\u00f3n pasiva<\/li>\r\n \t<li>Disponibilidad garantizada hasta 2038<\/li>\r\n<\/ul>\r\n<\/div>\r\n\r\n<hr \/>\r\n\r\n[wptb id=11661]\r\n\r\n<hr \/>\r\n\r\n[wptb id=9217]\r\n\r\n<hr \/>\r\n\r\n[wptb id=11683]\r\n\";}i:1;a:5:{s:5:\"title\";s:16:\"Especificaciones\";s:4:\"icon\";s:0:\"\";s:8:\"priority\";s:2:\"20\";s:8:\"callback\";s:0:\"\";s:7:\"content\";s:225:\"<h2 style=\"border-bottom: 1px dotted #238c00; padding-bottom: 20px;\">\r\n<img src=\"https:\/\/www.embedian.com\/wp-content\/uploads\/2024\/11\/hardware_download.png\" alt=\"hardware document\" \/>\r\nEspecificaciones\r\n<\/h2>\r\n[wptb id=7233]\r\n\";}i:2;a:5:{s:5:\"title\";s:10:\"Documentos\";s:4:\"icon\";s:0:\"\";s:8:\"priority\";s:2:\"30\";s:8:\"callback\";s:0:\"\";s:7:\"content\";s:369:\"<div class=\"tab4-flex-container\">\r\n<h2 style=\"border-bottom: 1px dotted #238c00; padding-bottom: 10px;\">\r\n<img src=\"https:\/\/www.embedian.com\/wp-content\/uploads\/2024\/11\/hardware_download.png\" alt=\"hardware document\" \/>\r\nRecursos de dise\u00f1o\r\n<\/h2>\r\n<div class=\"tab4-flex-item\">[download id=\"10503\"]<\/div>\r\n<div class=\"tab4-flex-item\">[download id=\"10506\"]<\/div>\r\n<\/div>\r\n\";}i:3;a:5:{s:5:\"title\";s:8:\"Software\";s:4:\"icon\";s:0:\"\";s:8:\"priority\";s:2:\"40\";s:8:\"callback\";s:0:\"\";s:7:\"content\";s:235:\"&nbsp;\r\n<h2 style=\"border-bottom: 1px dotted #238c00; padding-bottom: 20px;\">\r\n<img src=\"https:\/\/www.embedian.com\/wp-content\/uploads\/2024\/11\/hardware_download.png\" alt=\"hardware document\" \/>\r\nGu\u00edas de software\r\n<\/h2>\r\n[wptb id=7234]\r\n\";}i:4;a:5:{s:5:\"title\";s:18:\"Kit de evaluaci\u00f3n\";s:4:\"icon\";s:0:\"\";s:8:\"priority\";s:2:\"50\";s:8:\"callback\";s:0:\"\";s:7:\"content\";s:0:\"\";}i:5;a:5:{s:5:\"title\";s:23:\"Informaci\u00f3n de pedidos\";s:4:\"icon\";s:0:\"\";s:8:\"priority\";s:2:\"60\";s:8:\"callback\";s:0:\"\";s:7:\"content\";s:0:\"\";}}"],"_et_quantity_type":[""],"_et_quantity_ranges":[""],"_sale_price_time_start":[""],"_sale_price_time_end":[""],"_et_gtin":[""],"_et_bought_together_ids":["a:0:{}"],"total_sales":["0"],"_stock":[null],"_wc_average_rating":[0],"_wc_review_count":["0"],"_product_version":["10.4.3"],"_wcml_average_rating":[null],"_wcml_review_count":[null],"_wcml_rating_count":[null],"_product_attributes":["a:3:{s:9:\"pa_memory\";a:6:{s:4:\"name\";s:9:\"pa_memory\";s:5:\"value\";s:0:\"\";s:8:\"position\";i:0;s:10:\"is_visible\";i:1;s:12:\"is_variation\";i:1;s:11:\"is_taxonomy\";i:1;}s:14:\"pa_temperature\";a:6:{s:4:\"name\";s:14:\"pa_temperature\";s:5:\"value\";s:0:\"\";s:8:\"position\";i:1;s:10:\"is_visible\";i:1;s:12:\"is_variation\";i:1;s:11:\"is_taxonomy\";i:1;}s:7:\"pa_wifi\";a:6:{s:4:\"name\";s:7:\"pa_wifi\";s:5:\"value\";s:0:\"\";s:8:\"position\";i:2;s:10:\"is_visible\";i:1;s:12:\"is_variation\";i:1;s:11:\"is_taxonomy\";i:1;}}"],"_default_attributes":["a:3:{s:9:\"pa_memory\";s:3:\"2gb\";s:14:\"pa_temperature\";s:10:\"commercial\";s:7:\"pa_wifi\";s:2:\"no\";}"],"_uag_css_file_name":["uag-css-9782.css"],"_uag_page_assets":["a:9:{s:3:\"css\";s:263:\".uag-blocks-common-selector{z-index:var(--z-index-desktop) !important}@media (max-width: 976px){.uag-blocks-common-selector{z-index:var(--z-index-tablet) !important}}@media (max-width: 767px){.uag-blocks-common-selector{z-index:var(--z-index-mobile) !important}}\n\";s:2:\"js\";s:0:\"\";s:18:\"current_block_list\";a:7:{i:0;s:11:\"core\/search\";i:1;s:10:\"core\/group\";i:2;s:12:\"core\/heading\";i:3;s:17:\"core\/latest-posts\";i:4;s:20:\"core\/latest-comments\";i:5;s:13:\"core\/archives\";i:6;s:15:\"core\/categories\";}s:8:\"uag_flag\";b:0;s:11:\"uag_version\";s:10:\"1775369343\";s:6:\"gfonts\";a:0:{}s:10:\"gfonts_url\";s:0:\"\";s:12:\"gfonts_files\";a:0:{}s:14:\"uag_faq_layout\";b:0;}"],"_elementor_page_assets":["a:0:{}"],"_elementor_css":["a:7:{s:4:\"time\";i:1775369347;s:5:\"fonts\";a:0:{}s:5:\"icons\";a:0:{}s:20:\"dynamic_elements_ids\";a:0:{}s:6:\"status\";s:5:\"empty\";i:0;s:0:\"\";s:3:\"css\";s:0:\"\";}"],"_wc_rating_count":[""]},"uagb_featured_image_src":{"full":["https:\/\/www.embedian.com\/wp-content\/uploads\/2024\/12\/pitx_8mp.fw_.webp",740,740,false],"thumbnail":["https:\/\/www.embedian.com\/wp-content\/uploads\/2024\/12\/pitx_8mp.fw_-150x150.webp",150,150,true],"medium":["https:\/\/www.embedian.com\/wp-content\/uploads\/2024\/12\/pitx_8mp.fw_-300x300.webp",300,300,true],"medium_large":["https:\/\/www.embedian.com\/wp-content\/uploads\/2024\/12\/pitx_8mp.fw_.webp",740,740,false],"large":["https:\/\/www.embedian.com\/wp-content\/uploads\/2024\/12\/pitx_8mp.fw_.webp",740,740,false],"ht-kb-thumb":["https:\/\/www.embedian.com\/wp-content\/uploads\/2024\/12\/pitx_8mp.fw_.webp",50,50,false],"1536x1536":["https:\/\/www.embedian.com\/wp-content\/uploads\/2024\/12\/pitx_8mp.fw_.webp",740,740,false],"2048x2048":["https:\/\/www.embedian.com\/wp-content\/uploads\/2024\/12\/pitx_8mp.fw_.webp",740,740,false],"mailpoet_newsletter_max":["https:\/\/www.embedian.com\/wp-content\/uploads\/2024\/12\/pitx_8mp.fw_.webp",740,740,false],"woocommerce_thumbnail":["https:\/\/www.embedian.com\/wp-content\/uploads\/2024\/12\/pitx_8mp.fw_-300x300.webp",300,300,true],"woocommerce_single":["https:\/\/www.embedian.com\/wp-content\/uploads\/2024\/12\/pitx_8mp.fw_-600x600.webp",600,600,true],"woocommerce_gallery_thumbnail":["https:\/\/www.embedian.com\/wp-content\/uploads\/2024\/12\/pitx_8mp.fw_-100x100.webp",100,100,true],"variation_swatches_image_size":["https:\/\/www.embedian.com\/wp-content\/uploads\/2024\/12\/pitx_8mp.fw_-50x50.webp",50,50,true],"variation_swatches_tooltip_size":["https:\/\/www.embedian.com\/wp-content\/uploads\/2024\/12\/pitx_8mp.fw_-100x100.webp",100,100,true],"etheme-woocommerce-nimi":["https:\/\/www.embedian.com\/wp-content\/uploads\/2024\/12\/pitx_8mp.fw_-1x1.png",1,1,true],"etheme-nimi":["https:\/\/www.embedian.com\/wp-content\/uploads\/2024\/12\/pitx_8mp.fw_-10x10.webp",10,10,true]},"uagb_author_info":{"display_name":"admin","author_link":"https:\/\/www.embedian.com\/es\/blog\/author\/"},"uagb_comment_info":0,"uagb_excerpt":"NXP i.MX8M PLUS 4 x Cortex-A53 a 1,8 GHz 2 GB\/4 GB\/6 GB LPDDR4, 16 GB eMMC Unidad de procesamiento neuronal AI\/ML HDMI, LVDS, MIPI-DSI, 2 x USB 3.0, 1 x USB 2.0 OTG, 2 x LAN GBE, M.2 y mPCIe Conector de expansi\u00f3n de 2,0 mm 50P (1 x USB 3.1 Host, 3 x&hellip;","_links":{"self":[{"href":"https:\/\/www.embedian.com\/es\/wp-json\/wp\/v2\/product\/9782","targetHints":{"allow":["GET"]}}],"collection":[{"href":"https:\/\/www.embedian.com\/es\/wp-json\/wp\/v2\/product"}],"about":[{"href":"https:\/\/www.embedian.com\/es\/wp-json\/wp\/v2\/types\/product"}],"replies":[{"embeddable":true,"href":"https:\/\/www.embedian.com\/es\/wp-json\/wp\/v2\/comments?post=9782"}],"version-history":[{"count":1,"href":"https:\/\/www.embedian.com\/es\/wp-json\/wp\/v2\/product\/9782\/revisions"}],"predecessor-version":[{"id":9793,"href":"https:\/\/www.embedian.com\/es\/wp-json\/wp\/v2\/product\/9782\/revisions\/9793"}],"wp:featuredmedia":[{"embeddable":true,"href":"https:\/\/www.embedian.com\/es\/wp-json\/wp\/v2\/media\/9783"}],"wp:attachment":[{"href":"https:\/\/www.embedian.com\/es\/wp-json\/wp\/v2\/media?parent=9782"}],"wp:term":[{"taxonomy":"brand","embeddable":true,"href":"https:\/\/www.embedian.com\/es\/wp-json\/wp\/v2\/etheme_brands?post=9782"},{"taxonomy":"product_brand","embeddable":true,"href":"https:\/\/www.embedian.com\/es\/wp-json\/wp\/v2\/product_brand?post=9782"},{"taxonomy":"product_cat","embeddable":true,"href":"https:\/\/www.embedian.com\/es\/wp-json\/wp\/v2\/product_cat?post=9782"},{"taxonomy":"product_tag","embeddable":true,"href":"https:\/\/www.embedian.com\/es\/wp-json\/wp\/v2\/product_tag?post=9782"}],"curies":[{"name":"wp","href":"https:\/\/api.w.org\/{rel}","templated":true}]}}