{"id":8094,"date":"2025-01-24T07:50:33","date_gmt":"2025-01-24T07:50:33","guid":{"rendered":"http:\/\/59.124.115.49\/anpassningstjanst\/"},"modified":"2026-01-19T10:48:19","modified_gmt":"2026-01-19T10:48:19","slug":"anpassningstjanst","status":"publish","type":"page","link":"https:\/\/www.embedian.com\/sv\/anpassningstjanst\/","title":{"rendered":"Anpassningstj\u00e4nst"},"content":{"rendered":"\t\t<div data-elementor-type=\"wp-page\" data-elementor-id=\"8094\" class=\"elementor elementor-8094 elementor-5027\" data-elementor-post-type=\"page\">\n\t\t\t\t\t\t<section class=\"elementor-section elementor-top-section elementor-element elementor-element-84f234e elementor-section-content-middle elementor-section-boxed elementor-section-height-default elementor-section-height-default elementor-invisible\" data-id=\"84f234e\" data-element_type=\"section\" data-e-type=\"section\" data-settings=\"{&quot;animation&quot;:&quot;fadeInUp&quot;}\">\n\t\t\t\t\t\t<div class=\"elementor-container elementor-column-gap-no\">\n\t\t\t\t\t<div class=\"elementor-column elementor-col-100 elementor-top-column elementor-element elementor-element-7f3f1d5\" data-id=\"7f3f1d5\" data-element_type=\"column\" data-e-type=\"column\">\n\t\t\t<div class=\"elementor-widget-wrap elementor-element-populated\">\n\t\t\t\t\t\t<div class=\"elementor-element elementor-element-ab3a934 elementor-widget__width-initial elementor-widget elementor-widget-text-editor\" data-id=\"ab3a934\" data-element_type=\"widget\" data-e-type=\"widget\" data-widget_type=\"text-editor.default\">\n\t\t\t\t<div class=\"elementor-widget-container\">\n\t\t\t\t\t\t\t\t\t<div tabindex=\"0\" role=\"article\" data-tabster=\"{\"groupper\":{\"tabbability\":2},\"focusable\":{}}\" data-content=\"ai-message\" aria-labelledby=\"891EgrKC1nKAtYjVJxvKD-author} 891EgrKC1nKAtYjVJxvKD-content-0\"><div id=\"891EgrKC1nKAtYjVJxvKD-content-0\" class=\"space-y-3 break-words\"><p>I dagens globala ekonomi st\u00e5r f\u00f6retag inf\u00f6r n\u00f6dv\u00e4ndigheten att n\u00e5 marknaden snabbare och till l\u00e4gre kostnad. Outsourcing har blivit nyckeln f\u00f6r att uppn\u00e5 detta. <\/p><p>Embedians anpassningstj\u00e4nster erbjuder kunderna kompletta l\u00f6sningar med helhetsansvar f\u00f6r produktdesign och tillverkning. Dessa tj\u00e4nster inkluderar designkonsultation, h\u00e5rdvarudesign, anpassning av BIOS och firmware, kapslingsdesign, tillverkning, montering och kvalitetskontroll. <\/p><p>Design av inbyggda system b\u00f6rjar med valet av en SOM (System-On-Module) som inbyggd v\u00e4rd-makrokomponent, f\u00f6ljt av ett anpassat eller semi-anpassat carrier board med n\u00f6dv\u00e4ndiga system-I\/O och ett systemh\u00f6lje f\u00f6r att uppfylla alla krav p\u00e5 form, passform och funktion.<\/p><p>Embedians tekniska resurser, analys- och simuleringstekniker, kombinerat med v\u00e5r m\u00e5nga \u00e5rs erfarenhet inom inbyggda datorsystem, har resulterat i en effektiv designprocess. P\u00e5 Embedian \u00e4gnar vi s\u00e4rskild uppm\u00e4rksamhet \u00e5t detaljer i den inledande fasen av produktplaneringen. <\/p><\/div><\/div>\t\t\t\t\t\t\t\t<\/div>\n\t\t\t\t<\/div>\n\t\t\t\t\t<\/div>\n\t\t<\/div>\n\t\t\t\t\t<\/div>\n\t\t<\/section>\n\t\t<div class=\"elementor-element elementor-element-236cbd2 e-flex e-con-boxed e-con e-parent\" data-id=\"236cbd2\" data-element_type=\"container\" data-e-type=\"container\">\n\t\t\t\t\t<div class=\"e-con-inner\">\n\t\t\t\t<div class=\"elementor-element elementor-element-245c00e elementor-widget__width-initial elementor-widget elementor-widget-text-editor\" data-id=\"245c00e\" data-element_type=\"widget\" data-e-type=\"widget\" data-widget_type=\"text-editor.default\">\n\t\t\t\t<div class=\"elementor-widget-container\">\n\t\t\t\t\t\t\t\t\t<hr\/>\t\t\t\t\t\t\t\t<\/div>\n\t\t\t\t<\/div>\n\t\t\t\t\t<\/div>\n\t\t\t\t<\/div>\n\t\t\t\t<section class=\"elementor-section elementor-top-section elementor-element elementor-element-9155a4e elementor-section-content-middle elementor-section-boxed elementor-section-height-default elementor-section-height-default elementor-invisible\" data-id=\"9155a4e\" data-element_type=\"section\" data-e-type=\"section\" data-settings=\"{&quot;animation&quot;:&quot;fadeInUp&quot;}\">\n\t\t\t\t\t\t<div class=\"elementor-container elementor-column-gap-no\">\n\t\t\t\t\t<div class=\"elementor-column elementor-col-100 elementor-top-column elementor-element elementor-element-6268985\" data-id=\"6268985\" data-element_type=\"column\" data-e-type=\"column\">\n\t\t\t<div class=\"elementor-widget-wrap elementor-element-populated\">\n\t\t\t\t\t\t<div class=\"elementor-element elementor-element-397d3f9 elementor-widget elementor-widget-heading\" data-id=\"397d3f9\" data-element_type=\"widget\" data-e-type=\"widget\" data-widget_type=\"heading.default\">\n\t\t\t\t<div class=\"elementor-widget-container\">\n\t\t\t\t\t<h2 class=\"elementor-heading-title elementor-size-default\">Anpassningstj\u00e4nster<\/h2>\t\t\t\t<\/div>\n\t\t\t\t<\/div>\n\t\t\t\t<div class=\"elementor-element elementor-element-8ed0d9a elementor-widget__width-initial elementor-widget elementor-widget-text-editor\" data-id=\"8ed0d9a\" data-element_type=\"widget\" data-e-type=\"widget\" data-widget_type=\"text-editor.default\">\n\t\t\t\t<div class=\"elementor-widget-container\">\n\t\t\t\t\t\t\t\t\t<div>Nedan f\u00f6ljer en lista \u00f6ver de anpassningstj\u00e4nster vi erbjuder.<br><span style=\"font-size: 15.96px;\"><br><\/span><\/div><ul><li style=\"list-style-image: url('..\/images\/list.png');\">Anpassad design och tillverkning av carrier board<\/li><li style=\"list-style-image: url('..\/images\/list.png');\">Modifieringar av standard carrier board <\/li><li>Design av tillbeh\u00f6r f\u00f6r carrier board<\/li><li>F\u00f6rhandsprovning enligt kundspecifikation<\/li><li>Montering av system och delsystem<\/li><li style=\"list-style-image: url('..\/images\/list.png');\">Mekanisk design och kapslingsdesign<\/li><li style=\"list-style-image: url('..\/images\/list.png');\">Anpassade f\u00f6rpacknings- och leveranskrav<\/li><li style=\"list-style-image: url('..\/images\/list.png');\">Komponentink\u00f6p<\/li><\/ul>\t\t\t\t\t\t\t\t<\/div>\n\t\t\t\t<\/div>\n\t\t\t\t\t<\/div>\n\t\t<\/div>\n\t\t\t\t\t<\/div>\n\t\t<\/section>\n\t\t<div class=\"elementor-element elementor-element-4f63f7b e-flex e-con-boxed e-con e-parent\" data-id=\"4f63f7b\" data-element_type=\"container\" data-e-type=\"container\">\n\t\t\t\t\t<div class=\"e-con-inner\">\n\t\t\t\t<div class=\"elementor-element elementor-element-ba01eb7 elementor-widget__width-initial elementor-widget elementor-widget-text-editor\" data-id=\"ba01eb7\" data-element_type=\"widget\" data-e-type=\"widget\" data-widget_type=\"text-editor.default\">\n\t\t\t\t<div class=\"elementor-widget-container\">\n\t\t\t\t\t\t\t\t\t<hr\/>\t\t\t\t\t\t\t\t<\/div>\n\t\t\t\t<\/div>\n\t\t\t\t\t<\/div>\n\t\t\t\t<\/div>\n\t\t\t\t<section class=\"elementor-section elementor-top-section elementor-element elementor-element-3e5d7dc elementor-section-content-middle elementor-section-boxed elementor-section-height-default elementor-section-height-default elementor-invisible\" data-id=\"3e5d7dc\" data-element_type=\"section\" data-e-type=\"section\" data-settings=\"{&quot;animation&quot;:&quot;fadeInUp&quot;}\">\n\t\t\t\t\t\t<div class=\"elementor-container elementor-column-gap-no\">\n\t\t\t\t\t<div class=\"elementor-column elementor-col-100 elementor-top-column elementor-element elementor-element-1398719\" data-id=\"1398719\" data-element_type=\"column\" data-e-type=\"column\">\n\t\t\t<div class=\"elementor-widget-wrap elementor-element-populated\">\n\t\t\t\t\t\t<div class=\"elementor-element elementor-element-68fcfa8 elementor-widget elementor-widget-heading\" data-id=\"68fcfa8\" data-element_type=\"widget\" data-e-type=\"widget\" data-widget_type=\"heading.default\">\n\t\t\t\t<div class=\"elementor-widget-container\">\n\t\t\t\t\t<h2 class=\"elementor-heading-title elementor-size-default\">Krav f\u00f6r anpassningstj\u00e4nster<\/h2>\t\t\t\t<\/div>\n\t\t\t\t<\/div>\n\t\t\t\t<div class=\"elementor-element elementor-element-db9a8f4 elementor-widget__width-initial elementor-widget elementor-widget-text-editor\" data-id=\"db9a8f4\" data-element_type=\"widget\" data-e-type=\"widget\" data-widget_type=\"text-editor.default\">\n\t\t\t\t<div class=\"elementor-widget-container\">\n\t\t\t\t\t\t\t\t\t<p>Kunder beh\u00f6ver tillhandah\u00e5lla en specifikationslista f\u00f6r anpassningskraven. Embedian tar ut en NRE-avgift (Non-Recurring Engineering) baserad p\u00e5 anpassningens komplexitet och har ett krav p\u00e5 minsta best\u00e4llningskvantitet (vanligtvis 500 enheter per parti). Embedian lagerf\u00f6r inte anpassade produkter, s\u00e5 leveranstiden \u00e4r vanligtvis n\u00e5got l\u00e4ngre.  <\/p>\t\t\t\t\t\t\t\t<\/div>\n\t\t\t\t<\/div>\n\t\t\t\t\t<\/div>\n\t\t<\/div>\n\t\t\t\t\t<\/div>\n\t\t<\/section>\n\t\t\t\t<\/div>\n\t\t","protected":false},"excerpt":{"rendered":"<p>I dagens globala ekonomi st\u00e5r f\u00f6retag inf\u00f6r n\u00f6dv\u00e4ndigheten att n\u00e5 marknaden snabbare och till l\u00e4gre kostnad. Outsourcing har blivit nyckeln f\u00f6r att uppn\u00e5 detta. Embedians anpassningstj\u00e4nster erbjuder kunderna kompletta l\u00f6sningar med helhetsansvar f\u00f6r produktdesign och tillverkning. Dessa tj\u00e4nster&#8230;<\/p>\n","protected":false},"author":1,"featured_media":0,"parent":0,"menu_order":0,"comment_status":"closed","ping_status":"closed","template":"","meta":{"_uag_custom_page_level_css":"","footnotes":""},"class_list":["post-8094","page","type-page","status-publish","hentry"],"spectra_custom_meta":{"_uagb_previous_block_counts":["a:90:{s:21:\"uagb\/advanced-heading\";i:0;s:15:\"uagb\/blockquote\";i:0;s:12:\"uagb\/buttons\";i:0;s:18:\"uagb\/buttons-child\";i:0;s:19:\"uagb\/call-to-action\";i:0;s:15:\"uagb\/cf7-styler\";i:0;s:11:\"uagb\/column\";i:0;s:12:\"uagb\/columns\";i:0;s:14:\"uagb\/container\";i:0;s:21:\"uagb\/content-timeline\";i:0;s:27:\"uagb\/content-timeline-child\";i:0;s:14:\"uagb\/countdown\";i:0;s:12:\"uagb\/counter\";i:0;s:8:\"uagb\/faq\";i:0;s:14:\"uagb\/faq-child\";i:0;s:10:\"uagb\/forms\";i:0;s:17:\"uagb\/forms-accept\";i:0;s:19:\"uagb\/forms-checkbox\";i:0;s:15:\"uagb\/forms-date\";i:0;s:16:\"uagb\/forms-email\";i:0;s:17:\"uagb\/forms-hidden\";i:0;s:15:\"uagb\/forms-name\";i:0;s:16:\"uagb\/forms-phone\";i:0;s:16:\"uagb\/forms-radio\";i:0;s:17:\"uagb\/forms-select\";i:0;s:19:\"uagb\/forms-textarea\";i:0;s:17:\"uagb\/forms-toggle\";i:0;s:14:\"uagb\/forms-url\";i:0;s:14:\"uagb\/gf-styler\";i:0;s:15:\"uagb\/google-map\";i:0;s:11:\"uagb\/how-to\";i:0;s:16:\"uagb\/how-to-step\";i:0;s:9:\"uagb\/icon\";i:0;s:14:\"uagb\/icon-list\";i:0;s:20:\"uagb\/icon-list-child\";i:0;s:10:\"uagb\/image\";i:0;s:18:\"uagb\/image-gallery\";i:0;s:13:\"uagb\/info-box\";i:0;s:18:\"uagb\/inline-notice\";i:0;s:11:\"uagb\/lottie\";i:0;s:21:\"uagb\/marketing-button\";i:0;s:10:\"uagb\/modal\";i:0;s:18:\"uagb\/popup-builder\";i:0;s:16:\"uagb\/post-button\";i:0;s:18:\"uagb\/post-carousel\";i:0;s:17:\"uagb\/post-excerpt\";i:0;s:14:\"uagb\/post-grid\";i:0;s:15:\"uagb\/post-image\";i:0;s:17:\"uagb\/post-masonry\";i:0;s:14:\"uagb\/post-meta\";i:0;s:18:\"uagb\/post-taxonomy\";i:0;s:18:\"uagb\/post-timeline\";i:0;s:15:\"uagb\/post-title\";i:0;s:20:\"uagb\/restaurant-menu\";i:0;s:26:\"uagb\/restaurant-menu-child\";i:0;s:11:\"uagb\/review\";i:0;s:12:\"uagb\/section\";i:0;s:14:\"uagb\/separator\";i:0;s:11:\"uagb\/slider\";i:0;s:17:\"uagb\/slider-child\";i:0;s:17:\"uagb\/social-share\";i:0;s:23:\"uagb\/social-share-child\";i:0;s:16:\"uagb\/star-rating\";i:0;s:23:\"uagb\/sure-cart-checkout\";i:0;s:22:\"uagb\/sure-cart-product\";i:0;s:15:\"uagb\/sure-forms\";i:0;s:22:\"uagb\/table-of-contents\";i:0;s:9:\"uagb\/tabs\";i:0;s:15:\"uagb\/tabs-child\";i:0;s:18:\"uagb\/taxonomy-list\";i:0;s:9:\"uagb\/team\";i:0;s:16:\"uagb\/testimonial\";i:0;s:14:\"uagb\/wp-search\";i:0;s:19:\"uagb\/instagram-feed\";i:0;s:10:\"uagb\/login\";i:0;s:17:\"uagb\/loop-builder\";i:0;s:18:\"uagb\/loop-category\";i:0;s:20:\"uagb\/loop-pagination\";i:0;s:15:\"uagb\/loop-reset\";i:0;s:16:\"uagb\/loop-search\";i:0;s:14:\"uagb\/loop-sort\";i:0;s:17:\"uagb\/loop-wrapper\";i:0;s:13:\"uagb\/register\";i:0;s:19:\"uagb\/register-email\";i:0;s:24:\"uagb\/register-first-name\";i:0;s:23:\"uagb\/register-last-name\";i:0;s:22:\"uagb\/register-password\";i:0;s:30:\"uagb\/register-reenter-password\";i:0;s:19:\"uagb\/register-terms\";i:0;s:22:\"uagb\/register-username\";i:0;}"],"_elementor_edit_mode":["builder"],"_elementor_template_type":["wp-page"],"_elementor_version":["3.27.1"],"_top_nav_excluded":[""],"_cms_nav_minihome":[""],"_wp_page_template":["default"],"_elementor_page_settings":["a:1:{s:18:\"etheme_grid_zindex\";s:4:\"1000\";}"],"_elementor_data":["[{\"id\":\"84f234e\",\"elType\":\"section\",\"settings\":{\"gap\":\"no\",\"content_position\":\"middle\",\"animation\":\"fadeInUp\",\"content_width\":{\"unit\":\"px\",\"size\":1770,\"sizes\":[]},\"display_condition_list\":[{\"display_condition_login_status\":\"subscriber\",\"_id\":\"3a75632\"}],\"etheme_conditions_condition_bytime\":\"07:51\"},\"elements\":[{\"id\":\"7f3f1d5\",\"elType\":\"column\",\"settings\":{\"_column_size\":100,\"_inline_size\":null,\"margin\":{\"unit\":\"px\",\"top\":\"0\",\"right\":\"15\",\"bottom\":\"0\",\"left\":\"0\",\"isLinked\":false},\"margin_mobile\":{\"unit\":\"px\",\"top\":\"0\",\"right\":\"0\",\"bottom\":\"0\",\"left\":\"0\",\"isLinked\":false},\"_inline_size_tablet\":100,\"margin_tablet\":{\"unit\":\"px\",\"top\":\"0\",\"right\":\"0\",\"bottom\":\"0\",\"left\":\"0\",\"isLinked\":false},\"padding_tablet\":{\"unit\":\"px\",\"top\":\"0\",\"right\":\"0\",\"bottom\":\"30\",\"left\":\"0\",\"isLinked\":false},\"display_condition_list\":[{\"display_condition_login_status\":\"subscriber\",\"_id\":\"7d40d41\"}]},\"elements\":[{\"id\":\"ab3a934\",\"elType\":\"widget\",\"settings\":{\"editor\":\"<div tabindex=\\\"0\\\" role=\\\"article\\\" data-tabster=\\\"{\\\"groupper\\\":{\\\"tabbability\\\":2},\\\"focusable\\\":{}}\\\" data-content=\\\"ai-message\\\" aria-labelledby=\\\"891EgrKC1nKAtYjVJxvKD-author} 891EgrKC1nKAtYjVJxvKD-content-0\\\"><div id=\\\"891EgrKC1nKAtYjVJxvKD-content-0\\\" class=\\\"space-y-3 break-words\\\"><p>I dagens globala ekonomi st\\u00e5r f\\u00f6retag inf\\u00f6r n\\u00f6dv\\u00e4ndigheten att n\\u00e5 marknaden snabbare och till l\\u00e4gre kostnad. Outsourcing har blivit nyckeln f\\u00f6r att uppn\\u00e5 detta. <\\\/p><p>Embedians anpassningstj\\u00e4nster erbjuder kunderna kompletta l\\u00f6sningar med helhetsansvar f\\u00f6r produktdesign och tillverkning. Dessa tj\\u00e4nster inkluderar designkonsultation, h\\u00e5rdvarudesign, anpassning av BIOS och firmware, kapslingsdesign, tillverkning, montering och kvalitetskontroll. <\\\/p><p>Design av inbyggda system b\\u00f6rjar med valet av en SOM (System-On-Module) som inbyggd v\\u00e4rd-makrokomponent, f\\u00f6ljt av ett anpassat eller semi-anpassat carrier board med n\\u00f6dv\\u00e4ndiga system-I\\\/O och ett systemh\\u00f6lje f\\u00f6r att uppfylla alla krav p\\u00e5 form, passform och funktion.<\\\/p><p>Embedians tekniska resurser, analys- och simuleringstekniker, kombinerat med v\\u00e5r m\\u00e5nga \\u00e5rs erfarenhet inom inbyggda datorsystem, har resulterat i en effektiv designprocess. P\\u00e5 Embedian \\u00e4gnar vi s\\u00e4rskild uppm\\u00e4rksamhet \\u00e5t detaljer i den inledande fasen av produktplaneringen. <\\\/p><\\\/div><\\\/div>\",\"typography_typography\":\"custom\",\"typography_line_height\":{\"unit\":\"em\",\"size\":1.6,\"sizes\":[]},\"typography_letter_spacing\":{\"unit\":\"px\",\"size\":0.32,\"sizes\":[]},\"_margin\":{\"unit\":\"px\",\"top\":\"0\",\"right\":\"0\",\"bottom\":\"20\",\"left\":\"0\",\"isLinked\":false},\"text_color\":\"#222222\",\"typography_font_family\":\"Quicksand\",\"typography_font_size\":{\"unit\":\"px\",\"size\":16,\"sizes\":[]},\"typography_font_weight\":\"500\",\"etheme_parallax_scroll_y\":-80,\"align\":\"justify\",\"_element_width\":\"initial\",\"_element_custom_width\":{\"unit\":\"%\",\"size\":99.545},\"_flex_size\":\"none\",\"display_condition_list\":[{\"display_condition_login_status\":\"subscriber\",\"_id\":\"0f2612f\"}],\"etheme_conditions_condition_bytime\":\"07:51\"},\"elements\":[],\"widgetType\":\"text-editor\"}],\"isInner\":false}],\"isInner\":false},{\"id\":\"236cbd2\",\"elType\":\"container\",\"settings\":{\"flex_direction\":\"column\",\"display_condition_list\":[{\"display_condition_login_status\":\"subscriber\",\"_id\":\"4ab963c\"}]},\"elements\":[{\"id\":\"245c00e\",\"elType\":\"widget\",\"settings\":{\"editor\":\"<hr\\\/>\",\"typography_typography\":\"custom\",\"typography_line_height\":{\"unit\":\"em\",\"size\":1.6,\"sizes\":[]},\"typography_letter_spacing\":{\"unit\":\"px\",\"size\":0.32,\"sizes\":[]},\"_margin\":{\"unit\":\"px\",\"top\":\"0\",\"right\":\"0\",\"bottom\":\"20\",\"left\":\"0\",\"isLinked\":false},\"text_color\":\"#222222\",\"typography_font_family\":\"Quicksand\",\"typography_font_size\":{\"unit\":\"px\",\"size\":16,\"sizes\":[]},\"typography_font_weight\":\"500\",\"etheme_parallax_scroll_y\":-80,\"align\":\"justify\",\"_element_width\":\"initial\",\"_element_custom_width\":{\"unit\":\"%\",\"size\":99.545},\"_flex_size\":\"none\",\"display_condition_list\":[{\"display_condition_login_status\":\"subscriber\",\"_id\":\"0f2612f\"}],\"etheme_conditions_condition_bytime\":\"07:51\"},\"elements\":[],\"widgetType\":\"text-editor\"}],\"isInner\":false},{\"id\":\"9155a4e\",\"elType\":\"section\",\"settings\":{\"gap\":\"no\",\"content_position\":\"middle\",\"animation\":\"fadeInUp\",\"content_width\":{\"unit\":\"px\",\"size\":1770,\"sizes\":[]},\"display_condition_list\":[{\"display_condition_login_status\":\"subscriber\",\"_id\":\"3a75632\"}],\"etheme_conditions_condition_bytime\":\"15:25\"},\"elements\":[{\"id\":\"6268985\",\"elType\":\"column\",\"settings\":{\"_column_size\":100,\"_inline_size\":null,\"margin\":{\"unit\":\"px\",\"top\":\"0\",\"right\":\"15\",\"bottom\":\"0\",\"left\":\"0\",\"isLinked\":false},\"margin_mobile\":{\"unit\":\"px\",\"top\":\"0\",\"right\":\"0\",\"bottom\":\"0\",\"left\":\"0\",\"isLinked\":false},\"_inline_size_tablet\":100,\"margin_tablet\":{\"unit\":\"px\",\"top\":\"0\",\"right\":\"0\",\"bottom\":\"0\",\"left\":\"0\",\"isLinked\":false},\"padding_tablet\":{\"unit\":\"px\",\"top\":\"0\",\"right\":\"0\",\"bottom\":\"30\",\"left\":\"0\",\"isLinked\":false},\"display_condition_list\":[{\"display_condition_login_status\":\"subscriber\",\"_id\":\"7d40d41\"}]},\"elements\":[{\"id\":\"397d3f9\",\"elType\":\"widget\",\"settings\":{\"title\":\"Anpassningstj\\u00e4nster\",\"typography_font_weight\":\"700\",\"typography_font_size\":{\"unit\":\"px\",\"size\":24,\"sizes\":[]},\"etheme_parallax_scroll_y\":-80,\"display_condition_list\":[{\"display_condition_login_status\":\"subscriber\",\"_id\":\"d2e6910\"}],\"etheme_conditions_condition_bytime\":\"15:25\"},\"elements\":[],\"widgetType\":\"heading\"},{\"id\":\"8ed0d9a\",\"elType\":\"widget\",\"settings\":{\"editor\":\"<div>Nedan f\\u00f6ljer en lista \\u00f6ver de anpassningstj\\u00e4nster vi erbjuder.<br><span style=\\\"font-size: 15.96px;\\\"><br><\\\/span><\\\/div><ul><li style=\\\"list-style-image: url('..\\\/images\\\/list.png');\\\">Anpassad design och tillverkning av carrier board<\\\/li><li style=\\\"list-style-image: url('..\\\/images\\\/list.png');\\\">Modifieringar av standard carrier board <\\\/li><li>Design av tillbeh\\u00f6r f\\u00f6r carrier board<\\\/li><li>F\\u00f6rhandsprovning enligt kundspecifikation<\\\/li><li>Montering av system och delsystem<\\\/li><li style=\\\"list-style-image: url('..\\\/images\\\/list.png');\\\">Mekanisk design och kapslingsdesign<\\\/li><li style=\\\"list-style-image: url('..\\\/images\\\/list.png');\\\">Anpassade f\\u00f6rpacknings- och leveranskrav<\\\/li><li style=\\\"list-style-image: url('..\\\/images\\\/list.png');\\\">Komponentink\\u00f6p<\\\/li><\\\/ul>\",\"typography_typography\":\"custom\",\"typography_line_height\":{\"unit\":\"em\",\"size\":1.6,\"sizes\":[]},\"typography_letter_spacing\":{\"unit\":\"px\",\"size\":0.32,\"sizes\":[]},\"_margin\":{\"unit\":\"px\",\"top\":\"0\",\"right\":\"0\",\"bottom\":\"20\",\"left\":\"0\",\"isLinked\":false},\"text_color\":\"#222222\",\"typography_font_family\":\"Quicksand\",\"typography_font_size\":{\"unit\":\"px\",\"size\":16,\"sizes\":[]},\"typography_font_weight\":\"500\",\"etheme_parallax_scroll_y\":-80,\"align\":\"justify\",\"_element_width\":\"initial\",\"_element_custom_width\":{\"unit\":\"%\",\"size\":98.762},\"_flex_size\":\"none\",\"display_condition_list\":[{\"display_condition_login_status\":\"subscriber\",\"_id\":\"0f2612f\"}],\"etheme_conditions_condition_bytime\":\"15:25\"},\"elements\":[],\"widgetType\":\"text-editor\"}],\"isInner\":false}],\"isInner\":false},{\"id\":\"4f63f7b\",\"elType\":\"container\",\"settings\":{\"flex_direction\":\"column\",\"display_condition_list\":[{\"display_condition_login_status\":\"subscriber\",\"_id\":\"4ab963c\"}]},\"elements\":[{\"id\":\"ba01eb7\",\"elType\":\"widget\",\"settings\":{\"editor\":\"<hr\\\/>\",\"typography_typography\":\"custom\",\"typography_line_height\":{\"unit\":\"em\",\"size\":1.6,\"sizes\":[]},\"typography_letter_spacing\":{\"unit\":\"px\",\"size\":0.32,\"sizes\":[]},\"_margin\":{\"unit\":\"px\",\"top\":\"0\",\"right\":\"0\",\"bottom\":\"20\",\"left\":\"0\",\"isLinked\":false},\"text_color\":\"#222222\",\"typography_font_family\":\"Quicksand\",\"typography_font_size\":{\"unit\":\"px\",\"size\":16,\"sizes\":[]},\"typography_font_weight\":\"500\",\"etheme_parallax_scroll_y\":-80,\"align\":\"justify\",\"_element_width\":\"initial\",\"_element_custom_width\":{\"unit\":\"%\",\"size\":99.545},\"_flex_size\":\"none\",\"display_condition_list\":[{\"display_condition_login_status\":\"subscriber\",\"_id\":\"0f2612f\"}],\"etheme_conditions_condition_bytime\":\"07:51\"},\"elements\":[],\"widgetType\":\"text-editor\"}],\"isInner\":false},{\"id\":\"3e5d7dc\",\"elType\":\"section\",\"settings\":{\"gap\":\"no\",\"content_position\":\"middle\",\"animation\":\"fadeInUp\",\"content_width\":{\"unit\":\"px\",\"size\":1770,\"sizes\":[]},\"display_condition_list\":[{\"display_condition_login_status\":\"subscriber\",\"_id\":\"3a75632\"}],\"etheme_conditions_condition_bytime\":\"15:25\"},\"elements\":[{\"id\":\"1398719\",\"elType\":\"column\",\"settings\":{\"_column_size\":100,\"_inline_size\":null,\"margin\":{\"unit\":\"px\",\"top\":\"0\",\"right\":\"15\",\"bottom\":\"0\",\"left\":\"0\",\"isLinked\":false},\"margin_mobile\":{\"unit\":\"px\",\"top\":\"0\",\"right\":\"0\",\"bottom\":\"0\",\"left\":\"0\",\"isLinked\":false},\"_inline_size_tablet\":100,\"margin_tablet\":{\"unit\":\"px\",\"top\":\"0\",\"right\":\"0\",\"bottom\":\"0\",\"left\":\"0\",\"isLinked\":false},\"padding_tablet\":{\"unit\":\"px\",\"top\":\"0\",\"right\":\"0\",\"bottom\":\"30\",\"left\":\"0\",\"isLinked\":false},\"display_condition_list\":[{\"display_condition_login_status\":\"subscriber\",\"_id\":\"7d40d41\"}]},\"elements\":[{\"id\":\"68fcfa8\",\"elType\":\"widget\",\"settings\":{\"title\":\"Krav f\\u00f6r anpassningstj\\u00e4nster\",\"typography_font_weight\":\"700\",\"typography_font_size\":{\"unit\":\"px\",\"size\":24,\"sizes\":[]},\"etheme_parallax_scroll_y\":-80,\"display_condition_list\":[{\"display_condition_login_status\":\"subscriber\",\"_id\":\"d2e6910\"}],\"etheme_conditions_condition_bytime\":\"15:25\"},\"elements\":[],\"widgetType\":\"heading\"},{\"id\":\"db9a8f4\",\"elType\":\"widget\",\"settings\":{\"editor\":\"<p>Kunder beh\\u00f6ver tillhandah\\u00e5lla en specifikationslista f\\u00f6r anpassningskraven. Embedian tar ut en NRE-avgift (Non-Recurring Engineering) baserad p\\u00e5 anpassningens komplexitet och har ett krav p\\u00e5 minsta best\\u00e4llningskvantitet (vanligtvis 500 enheter per parti). Embedian lagerf\\u00f6r inte anpassade produkter, s\\u00e5 leveranstiden \\u00e4r vanligtvis n\\u00e5got l\\u00e4ngre.  <\\\/p>\",\"typography_typography\":\"custom\",\"typography_line_height\":{\"unit\":\"em\",\"size\":1.6,\"sizes\":[]},\"typography_letter_spacing\":{\"unit\":\"px\",\"size\":0.32,\"sizes\":[]},\"_margin\":{\"unit\":\"px\",\"top\":\"0\",\"right\":\"0\",\"bottom\":\"20\",\"left\":\"0\",\"isLinked\":false},\"text_color\":\"#222222\",\"typography_font_family\":\"Quicksand\",\"typography_font_size\":{\"unit\":\"px\",\"size\":16,\"sizes\":[]},\"typography_font_weight\":\"500\",\"etheme_parallax_scroll_y\":-80,\"align\":\"justify\",\"_element_width\":\"initial\",\"_element_custom_width\":{\"unit\":\"%\",\"size\":98.762},\"_flex_size\":\"none\",\"display_condition_list\":[{\"display_condition_login_status\":\"subscriber\",\"_id\":\"0f2612f\"}],\"etheme_conditions_condition_bytime\":\"15:25\"},\"elements\":[],\"widgetType\":\"text-editor\"}],\"isInner\":false}],\"isInner\":false}]"],"_elementor_template_widget_type":[""],"_elementor_popup_display_settings":[""],"_last_translation_edit_mode":["translation-editor"],"_wpml_word_count":["318"],"_uag_css_file_name":["uag-css-8094.css"],"_uag_page_assets":["a:9:{s:3:\"css\";s:263:\".uag-blocks-common-selector{z-index:var(--z-index-desktop) !important}@media (max-width: 976px){.uag-blocks-common-selector{z-index:var(--z-index-tablet) !important}}@media (max-width: 767px){.uag-blocks-common-selector{z-index:var(--z-index-mobile) !important}}\n\";s:2:\"js\";s:0:\"\";s:18:\"current_block_list\";a:7:{i:0;s:11:\"core\/search\";i:1;s:10:\"core\/group\";i:2;s:12:\"core\/heading\";i:3;s:17:\"core\/latest-posts\";i:4;s:20:\"core\/latest-comments\";i:5;s:13:\"core\/archives\";i:6;s:15:\"core\/categories\";}s:8:\"uag_flag\";b:0;s:11:\"uag_version\";s:10:\"1775337131\";s:6:\"gfonts\";a:0:{}s:10:\"gfonts_url\";s:0:\"\";s:12:\"gfonts_files\";a:0:{}s:14:\"uag_faq_layout\";b:0;}"],"_elementor_css":["a:6:{s:4:\"time\";i:1775356770;s:5:\"fonts\";a:2:{i:0;s:9:\"Quicksand\";i:1;s:6:\"Roboto\";}s:5:\"icons\";a:0:{}s:20:\"dynamic_elements_ids\";a:0:{}s:6:\"status\";s:4:\"file\";i:0;s:0:\"\";}"]},"uagb_featured_image_src":{"full":false,"thumbnail":false,"medium":false,"medium_large":false,"large":false,"ht-kb-thumb":false,"1536x1536":false,"2048x2048":false,"mailpoet_newsletter_max":false,"woocommerce_thumbnail":false,"woocommerce_single":false,"woocommerce_gallery_thumbnail":false,"variation_swatches_image_size":false,"variation_swatches_tooltip_size":false,"etheme-woocommerce-nimi":false,"etheme-nimi":false},"uagb_author_info":{"display_name":"admin","author_link":"https:\/\/www.embedian.com\/sv\/blog\/author\/admin\/"},"uagb_comment_info":0,"uagb_excerpt":"I dagens globala ekonomi st\u00e5r f\u00f6retag inf\u00f6r n\u00f6dv\u00e4ndigheten att n\u00e5 marknaden snabbare och till l\u00e4gre kostnad. Outsourcing har blivit nyckeln f\u00f6r att uppn\u00e5 detta. Embedians anpassningstj\u00e4nster erbjuder kunderna kompletta l\u00f6sningar med helhetsansvar f\u00f6r produktdesign och tillverkning. Dessa tj\u00e4nster...","_links":{"self":[{"href":"https:\/\/www.embedian.com\/sv\/wp-json\/wp\/v2\/pages\/8094","targetHints":{"allow":["GET"]}}],"collection":[{"href":"https:\/\/www.embedian.com\/sv\/wp-json\/wp\/v2\/pages"}],"about":[{"href":"https:\/\/www.embedian.com\/sv\/wp-json\/wp\/v2\/types\/page"}],"author":[{"embeddable":true,"href":"https:\/\/www.embedian.com\/sv\/wp-json\/wp\/v2\/users\/1"}],"replies":[{"embeddable":true,"href":"https:\/\/www.embedian.com\/sv\/wp-json\/wp\/v2\/comments?post=8094"}],"version-history":[{"count":3,"href":"https:\/\/www.embedian.com\/sv\/wp-json\/wp\/v2\/pages\/8094\/revisions"}],"predecessor-version":[{"id":8097,"href":"https:\/\/www.embedian.com\/sv\/wp-json\/wp\/v2\/pages\/8094\/revisions\/8097"}],"wp:attachment":[{"href":"https:\/\/www.embedian.com\/sv\/wp-json\/wp\/v2\/media?parent=8094"}],"curies":[{"name":"wp","href":"https:\/\/api.w.org\/{rel}","templated":true}]}}